{"id":771,"date":"2024-01-12T15:26:08","date_gmt":"2024-01-12T15:26:08","guid":{"rendered":"https:\/\/dev.vdtarn.fr\/?page_id=771"},"modified":"2025-02-26T18:21:16","modified_gmt":"2025-02-26T17:21:16","slug":"the-verdon","status":"publish","type":"page","link":"https:\/\/www.auxvallons.fr\/en\/le-verdon\/","title":{"rendered":"The Gorges du Verdon"},"content":{"rendered":"<p data-block-type=\"core\">A paradise for climbers and hikers alike, the Gorges du Verdon is a major tourist destination. You need to visit at least once in your life. Whether you're on an invigorating or contemplative holiday, with family or friends, the landscapes of the Gorges will leave a lasting impression on you. Here's some information to whet your appetite before booking your holiday in the Gorges du Verdon.&nbsp;<a href=\"https:\/\/www.auxvallons.fr\/en\/\">Aux Vallons campsite on the banks of Lac de Sainte Croix<\/a>.<\/p>\n\n\n\n<figure class=\"wp-block-image alignfull size-large\" data-block-type=\"core\"><img loading=\"lazy\" decoding=\"async\" width=\"1024\" height=\"514\" src=\"https:\/\/auxvallons.fr\/wp-content\/uploads\/2024\/12\/gorges-verdon-copie-1024x514.jpg\" alt=\"The Verdon Canyon\" class=\"wp-image-3034\" srcset=\"https:\/\/www.auxvallons.fr\/wp-content\/uploads\/2024\/12\/gorges-verdon-copie-1024x514.jpg 1024w, https:\/\/www.auxvallons.fr\/wp-content\/uploads\/2024\/12\/gorges-verdon-copie-300x151.jpg 300w, https:\/\/www.auxvallons.fr\/wp-content\/uploads\/2024\/12\/gorges-verdon-copie-768x385.jpg 768w, https:\/\/www.auxvallons.fr\/wp-content\/uploads\/2024\/12\/gorges-verdon-copie-500x251.jpg 500w, https:\/\/www.auxvallons.fr\/wp-content\/uploads\/2024\/12\/gorges-verdon-copie-800x401.jpg 800w, https:\/\/www.auxvallons.fr\/wp-content\/uploads\/2024\/12\/gorges-verdon-copie.jpg 1200w\" sizes=\"auto, (max-width: 1024px) 100vw, 1024px\" \/><\/figure>\n\n\n\n<h2 class=\"wp-block-heading\"><strong>The Verdon Regional Nature Park<\/strong><\/h2>\n\n\n\n<p data-block-type=\"core\"><strong>The Verdon, a tumultuous little river,<\/strong>&nbsp;rises at the foot of the Sestri\u00e8re headwaters, near the Col d'Allos, in the Trois Ev\u00each\u00e9s massif. It has cut a spectacular furrow separating the pre-Alps at Castellane from the pre-Alps at Digne, roughly separating the Alpes de Hautes Provence from the Var department.<\/p>\n\n\n\n<p data-block-type=\"core\">This deep, narrow fault divides into three parts: the\u00a0<strong>pre-gorges<\/strong>\u00a0from Castellane to Pont de Soleils, the\u00a0<strong>middle part<\/strong>\u00a0de Pont-soleils at a place called l'imbut in the municipality of La Palud-sur-Verdon and finally\u00a0<strong>the canyon<\/strong>\u00a0which goes all the way to the <a href=\"https:\/\/www.auxvallons.fr\/en\/the-galetas-bridge\/\" data-type=\"page\" data-id=\"4023\">galetas bridge<\/a> in Moustiers-Saintes Marie.<\/p>\n\n\n\n<h2 class=\"wp-block-heading\">Le&nbsp;<strong>Grand Canyon du Verdon<\/strong><\/h2>\n\n\n\n<figure class=\"wp-block-image aligncenter size-large is-resized\" data-block-type=\"core\"><img loading=\"lazy\" decoding=\"async\" width=\"1024\" height=\"514\" src=\"https:\/\/auxvallons.fr\/wp-content\/uploads\/2024\/09\/sentier-gorges-verdon-1024x514.jpg\" alt=\"\" class=\"wp-image-2648\" style=\"width:1020px;height:auto\" srcset=\"https:\/\/www.auxvallons.fr\/wp-content\/uploads\/2024\/09\/sentier-gorges-verdon-1024x514.jpg 1024w, https:\/\/www.auxvallons.fr\/wp-content\/uploads\/2024\/09\/sentier-gorges-verdon-300x150.jpg 300w, https:\/\/www.auxvallons.fr\/wp-content\/uploads\/2024\/09\/sentier-gorges-verdon-768x385.jpg 768w, https:\/\/www.auxvallons.fr\/wp-content\/uploads\/2024\/09\/sentier-gorges-verdon-1536x770.jpg 1536w, https:\/\/www.auxvallons.fr\/wp-content\/uploads\/2024\/09\/sentier-gorges-verdon-500x251.jpg 500w, https:\/\/www.auxvallons.fr\/wp-content\/uploads\/2024\/09\/sentier-gorges-verdon-800x401.jpg 800w, https:\/\/www.auxvallons.fr\/wp-content\/uploads\/2024\/09\/sentier-gorges-verdon-1280x642.jpg 1280w, https:\/\/www.auxvallons.fr\/wp-content\/uploads\/2024\/09\/sentier-gorges-verdon-1920x963.jpg 1920w, https:\/\/www.auxvallons.fr\/wp-content\/uploads\/2024\/09\/sentier-gorges-verdon.jpg 2000w\" sizes=\"auto, (max-width: 1024px) 100vw, 1024px\" \/><\/figure>\n\n\n\n<p data-block-type=\"core\">The highest canyon in Europe, it really begins after the <strong>Tusset bridge<\/strong> offering exhilarating hikes such as the <strong><a href=\"https:\/\/www.auxvallons.fr\/en\/2025\/02\/26\/le-sentier-blanc-martel\/\" data-type=\"post\" data-id=\"4051\">Martel path<\/a> or <a href=\"https:\/\/www.auxvallons.fr\/en\/2025\/02\/26\/le-sentier-de-limbut-gorges-du-verdon\/\" data-type=\"post\" data-id=\"4096\">l'Imbut<\/a><\/strong>. Some sections of these trails are extremely difficult, and should only be undertaken by trained sportsmen and women with the appropriate equipment.<\/p>\n\n\n\n<p data-block-type=\"core\">For a more peaceful discovery of the gorges and the\u00a0<strong>Grand Canyon<\/strong>you can borrow the\u00a0<strong>Corniche Sublime<\/strong>You can also take the road that winds along the cliffs. And to further appreciate the majesty of the Gorges du Verdon, you can choose to go canoeing, rafting or any of the other white-water sports on offer, or even hire an electric boat from the Verdon Tourist Office.\u00a0<strong>Galetas bridge<\/strong>in the commune of<a href=\"https:\/\/www.auxvallons.fr\/en\/aiguines\/\" data-type=\"page\" data-id=\"3747\">Aiguines<\/a>.<\/p>\n\n\n\n<div class=\"wp-block-stackable-image aligncenter stk-block-image has-text-align-center stk-block stk-3212770\" data-block-id=\"3212770\"><style>.stk-3212770 {align-items:center !important;max-width:150px !important;min-width:auto !important;margin-top:30px !important;margin-right:auto !important;margin-bottom:30px !important;margin-left:auto !important;display:flex !important;}<\/style><figure><span class=\"stk-img-wrapper stk-image--shape-stretch\"><img loading=\"lazy\" decoding=\"async\" class=\"stk-img wp-image-311\" src=\"https:\/\/auxvallons.fr\/wp-content\/uploads\/2024\/01\/lavender.png\" width=\"200\" height=\"83\"\/><\/span><\/figure><\/div>\n\n\n\n<div class=\"wp-block-columns alignwide is-layout-flex wp-container-core-columns-is-layout-c617dbaa wp-block-columns-is-layout-flex\" style=\"padding-top:var(--wp--preset--spacing--40);padding-bottom:var(--wp--preset--spacing--40)\" data-block-type=\"core\">\n<div class=\"wp-block-column is-vertically-aligned-center is-layout-flow wp-block-column-is-layout-flow\" style=\"flex-basis:49.82%\" data-block-type=\"core\">\n<div class=\"wp-block-stackable-heading stk-block-heading stk-block-heading--v2 stk-block stk-ff71328\" id=\"visite-guidee-des-gorges-du-verdon\" data-block-id=\"ff71328\"><h2 class=\"stk-block-heading__text\">Guided tour of the Gorges du Verdon<\/h2><\/div>\n\n\n\n<p class=\"has-small-font-size\" data-block-type=\"core\"><strong><em>\"Here is more than far, it's somewhere else<\/em><\/strong>\u00a0\"Jean Giono once said of the Gorges du Verdon. The canyon is <strong>50 km<\/strong> reaching in places <strong>700 metres deep<\/strong>The valley, bordered by imposing white cliffs, offers unique landscapes. Vertiginous slopes where shrubs and plants cling, pierced by deep cavities, the balsams... The whole forming an enchanting picture of greys, whites and greens against the turquoise blue background of the <a href=\"https:\/\/www.auxvallons.fr\/en\/the-verdon-lakes\/\" data-type=\"page\" data-id=\"374\">water from the Verdon<\/a>.<\/p>\n\n\n\n<p class=\"has-small-font-size\" data-block-type=\"core\">Download the official brochure &gt;&gt;&gt;&gt;<\/p>\n<\/div>\n\n\n\n<div class=\"wp-block-column is-layout-flow wp-block-column-is-layout-flow\" style=\"flex-basis:50.18%\" data-block-type=\"core\">\n<div class=\"wp-block-stackable-image stk-block-image stk-block stk-b7a6d0b\" data-block-id=\"b7a6d0b\"><style>.stk-b7a6d0b .stk-img-figcaption{text-align:center !important;}.stk-b7a6d0b {border-top-left-radius:0px !important;border-top-right-radius:0px !important;border-bottom-right-radius:0px !important;border-bottom-left-radius:0px !important;overflow:hidden !important;box-shadow:none !important;}.stk-b7a6d0b .stk-img-wrapper{aspect-ratio:2\/3 !important;width:55% !important;height:auto !important;filter:drop-shadow(none) !important;}@media screen and (max-width: 1023px){.stk-b7a6d0b .stk-img-wrapper{height:auto !important;}}@media screen and (max-width: 767px){.stk-b7a6d0b .stk-img-wrapper{height:auto !important;}}<\/style><figure><span class=\"stk-img-wrapper stk-image--shape-stretch stk--shadow-none\"><img loading=\"lazy\" decoding=\"async\" class=\"stk-img wp-image-3035\" src=\"https:\/\/auxvallons.fr\/wp-content\/uploads\/2024\/12\/gorges-du-verdon-info.png\" width=\"400\" height=\"574\" srcset=\"https:\/\/www.auxvallons.fr\/wp-content\/uploads\/2024\/12\/gorges-du-verdon-info.png 400w, https:\/\/www.auxvallons.fr\/wp-content\/uploads\/2024\/12\/gorges-du-verdon-info-209x300.png 209w\" sizes=\"auto, (max-width: 400px) 100vw, 400px\" \/><\/span><figcaption class=\"stk-img-figcaption\"><a href=\"\/wp-content\/uploads\/Brochure-Verdon.pdf\" target=\"_blank\" rel=\"noreferrer noopener\">DOWNLOAD THE BROCHURE<\/a><\/figcaption><\/figure><\/div>\n<\/div>\n<\/div>\n\n\n\n<div class=\"wp-block-group alignfull has-background has-global-padding is-layout-constrained wp-block-group-is-layout-constrained\" style=\"background-color:#483c7e\" data-block-type=\"core\">\n<div class=\"wp-block-stackable-feature alignwide stk-block-feature stk-block stk-0e40e19 stk-block-background alignfull is-style-default\" data-v=\"2\" data-block-id=\"0e40e19\"><style>.stk-0e40e19 {--stk-feature-flex-wrap:nowrap !important;background-color:#00000000 !important;border-top-left-radius:0px !important;border-top-right-radius:0px !important;border-bottom-right-radius:0px !important;border-bottom-left-radius:0px !important;overflow:hidden !important;box-shadow:none !important;max-width:1250px !important;min-width:auto !important;padding-top:30px !important;padding-bottom:30px !important;margin-right:auto !important;margin-left:auto !important;}.stk-0e40e19:before{background-color:#00000000 !important;}<\/style><div class=\"stk-content-align stk-0e40e19-column alignwide stk-container stk-0e40e19-container stk--no-background stk--no-padding\"><div class=\"stk-inner-blocks has-text-align-left stk-block-content stk-row\">\n<div class=\"wp-block-stackable-column stk-block-column stk-column stk-block stk-d89a6ee\" data-v=\"4\" data-block-id=\"d89a6ee\"><style>.stk-d89a6ee {align-self:center !important;}<\/style><div class=\"stk-column-wrapper stk-block-column__content stk-container stk-d89a6ee-container stk--no-background stk--no-padding\"><div class=\"stk-block-content stk-inner-blocks stk-d89a6ee-inner-blocks\">\n<div class=\"wp-block-stackable-image stk-block-image stk-block stk-9eb626f\" data-block-id=\"9eb626f\"><style>.stk-9eb626f .stk-img-wrapper{width:100% !important;height:450px !important;filter:drop-shadow(0px 0px 26px #53544680) !important;--stk-gradient-overlay:0.3 !important;}.stk-9eb626f .stk-img-wrapper img{object-position:30% 62% !important;}.stk-9eb626f .stk-img-wrapper img, .stk-9eb626f .stk-img-wrapper::after, .stk-9eb626f .stk-img-wrapper::before{mask-image:url('data:image\/svg+xml;base64,PHN2ZyB4bWxucz0iaHR0cDovL3d3dy53My5vcmcvMjAwMC9zdmciIHZpZXdCb3g9IjAgMCA2MDAgNjAwIiBwcmVzZXJ2ZUFzcGVjdFJhdGlvPSJub25lIj48cGF0aCBkPSJNNTU1IDY5LjZjNTcuNiA3MC40IDU2LjIgMjA4LjMgMTYuOSAyOTkuOC0zOS4zIDkxLjYtMTE2LjIgMTM2LjgtMTczLjggMTY3LjItNTcuNCAzMC42LTk1LjYgNDYuMy0xNDIuMiA1Ni4yLTQ2LjUgOS45LTEwMS4zIDE0LTEzNS42LTE2LjYtMzQuMi0zMC42LTQ3LjgtOTUuMy03NC41LTE5MkMxOC45IDI4Ny42LTIxIDE1OS4xIDEzLjIgODkgNDcuNCAxOC42IDE1NS45IDYuMyAyNjguMyAxLjZjMTEyLjUtNSAyMjktMi40IDI4Ni43IDY4eiI+PC9wYXRoPjwvc3ZnPg==') !important;-webkit-mask-image:url('data:image\/svg+xml;base64,PHN2ZyB4bWxucz0iaHR0cDovL3d3dy53My5vcmcvMjAwMC9zdmciIHZpZXdCb3g9IjAgMCA2MDAgNjAwIiBwcmVzZXJ2ZUFzcGVjdFJhdGlvPSJub25lIj48cGF0aCBkPSJNNTU1IDY5LjZjNTcuNiA3MC40IDU2LjIgMjA4LjMgMTYuOSAyOTkuOC0zOS4zIDkxLjYtMTE2LjIgMTM2LjgtMTczLjggMTY3LjItNTcuNCAzMC42LTk1LjYgNDYuMy0xNDIuMiA1Ni4yLTQ2LjUgOS45LTEwMS4zIDE0LTEzNS42LTE2LjYtMzQuMi0zMC42LTQ3LjgtOTUuMy03NC41LTE5MkMxOC45IDI4Ny42LTIxIDE1OS4xIDEzLjIgODkgNDcuNCAxOC42IDE1NS45IDYuMyAyNjguMyAxLjZjMTEyLjUtNSAyMjktMi40IDI4Ni43IDY4eiI+PC9wYXRoPjwvc3ZnPg==') !important;}<\/style><figure><span class=\"stk-img-wrapper stk-img--shape stk-image--shape-stretch\"><img loading=\"lazy\" decoding=\"async\" class=\"stk-img wp-image-2696\" src=\"https:\/\/auxvallons.fr\/wp-content\/uploads\/2024\/09\/gorgesduverdon-sentier.jpg\" width=\"400\" height=\"400\" alt=\"Ch\u00e2teau de Montaigut\" srcset=\"https:\/\/www.auxvallons.fr\/wp-content\/uploads\/2024\/09\/gorgesduverdon-sentier.jpg 400w, https:\/\/www.auxvallons.fr\/wp-content\/uploads\/2024\/09\/gorgesduverdon-sentier-300x300.jpg 300w, https:\/\/www.auxvallons.fr\/wp-content\/uploads\/2024\/09\/gorgesduverdon-sentier-150x150.jpg 150w\" sizes=\"auto, (max-width: 400px) 100vw, 400px\" \/><\/span><\/figure><\/div>\n<\/div><\/div><\/div>\n\n\n\n<div class=\"wp-block-stackable-column stk-block-column stk-column stk-block stk-ad3b1e6\" data-v=\"4\" data-block-id=\"ad3b1e6\"><style>.stk-ad3b1e6 {align-self:center !important;}<\/style><div class=\"stk-column-wrapper stk-block-column__content stk-container stk-ad3b1e6-container stk--no-background stk--no-padding\"><div class=\"stk-block-content stk-inner-blocks stk-ad3b1e6-inner-blocks\">\n<div class=\"wp-block-group has-global-padding is-content-justification-left is-layout-constrained wp-container-core-group-is-layout-1ad27c61 wp-block-group-is-layout-constrained\" style=\"padding-right:0;padding-left:0\" data-block-type=\"core\">\n<div class=\"wp-block-stackable-heading stk-block-heading stk-block-heading--v2 stk-block stk-6f229bf\" id=\"les-curiosites-naturelles-et-remarquables-des-gorges\" data-block-id=\"6f229bf\"><style>.stk-6f229bf .stk-block-heading__text{color:#e5e6d8 !important;}<\/style><h2 class=\"stk-block-heading__text has-text-color\">The natural and remarkable sights of the gorges<\/h2><\/div>\n\n\n\n<ul class=\"wp-block-list\" data-block-type=\"core\">\n<li class=\"has-base-color has-text-color has-link-color wp-elements-42d170371846a02f89a709884ced3e3e\" data-block-type=\"core\">the Styx du Verdon, a mini canyon within a canyon<\/li>\n\n\n\n<li class=\"has-base-color has-text-color has-link-color wp-elements-5ac359debbaa89de1a4da51105c8165f\" data-block-type=\"core\">l'imbut, a passage where a chaotic mass of rocks makes the river disappear. The starting point for this exceptional site is on the RD 71 cavaliers cliff in the commune of Aiguines. The Auberge des Cavaliers is a good place to find the path.<\/li>\n<\/ul>\n\n\n\n<p class=\"has-base-color has-text-color has-link-color wp-elements-f93bc380153e58f337b8d819de22c769\" data-block-type=\"core\">There are two road routes through the gorges:<\/p>\n\n\n\n<p class=\"has-primary-color has-text-color has-link-color has-small-font-size wp-elements-8ef3e2f25922ff19d81f64d004f1639b\" data-block-type=\"core\">Left bank, from Aiguines to Castellane (D71, D90 AND D995)<br>Right bank, from Castellane to Moutiers-Sainte-Marie (D 952)<\/p>\n<\/div>\n<\/div><\/div><\/div>\n<\/div><\/div><\/div>\n<\/div>\n\n\n\n<div class=\"wp-block-stackable-image aligncenter stk-block-image has-text-align-center stk-block stk-d292a2e\" data-block-id=\"d292a2e\"><style>.stk-d292a2e {align-items:center !important;max-width:150px !important;min-width:auto !important;margin-top:30px !important;margin-right:auto !important;margin-bottom:30px !important;margin-left:auto !important;display:flex !important;}<\/style><figure><span class=\"stk-img-wrapper stk-image--shape-stretch\"><img loading=\"lazy\" decoding=\"async\" class=\"stk-img wp-image-311\" src=\"https:\/\/auxvallons.fr\/wp-content\/uploads\/2024\/01\/lavender.png\" width=\"200\" height=\"83\"\/><\/span><\/figure><\/div>\n\n\n\n<h3 class=\"wp-block-heading\"><strong>Hiking in the Gorges<\/strong><\/h3>\n\n\n\n<div class=\"wp-block-stackable-posts stk-block-posts stk--has-container stk-block stk-e592208 stk-block-background is-style-vertical-card stk--has-background-overlay\" data-v=\"2\" data-block-id=\"e592208\"><style>.stk-e592208 {background-image:url(https:\/\/auxvallons.fr\/wp-content\/uploads\/2025\/02\/entree-gorges-verdon-galetas.jpg) !important;}.stk-e592208 .stk-img-wrapper{width:100% !important;height:300px !important;}<\/style><div class=\"stk-inner-blocks stk-content-align stk-e592208-column\"><div class=\"stk-block-posts__items\"><div class=\"stk-block-posts__item\"><div class=\"stk-container stk-e592208-container stk-hover-parent\"><a href=\"https:\/\/www.auxvallons.fr\/en\/2025\/02\/26\/the-imbut-trail-gorges-du-verdon\/\" class=\"stk-block-posts__image-link\"><\/a><article class=\"stk-container-padding\"><h3 class=\"stk-block-posts__title\"><a href='https:\/\/www.auxvallons.fr\/en\/2025\/02\/26\/the-imbut-trail-gorges-du-verdon\/'>The Imbut trail - Gorges du Verdon<\/a><\/h3><div class=\"stk-block-posts__excerpt\"><p>Le Sentier de l'Imbut: Mythical hike in the heart of the Gorges du Verdon The sentier de l'Imbut is without doubt one of the most impressive hikes in the Verdon. Nestled at the bottom of the Grand Canyon du Verdon, this trail alternates between vertiginous cliffs, narrow passages and grandiose landscapes. \u26a0\ufe0f Caution! This is...<\/p>\n<\/div><a class=\"stk-block-posts__readmore\" href=\"https:\/\/www.auxvallons.fr\/en\/2025\/02\/26\/the-imbut-trail-gorges-du-verdon\/\">It continues here &gt;&gt;<\/a><\/article><\/div><\/div><div class=\"stk-block-posts__item\"><div class=\"stk-container stk-e592208-container stk-hover-parent\"><a href=\"https:\/\/www.auxvallons.fr\/en\/2025\/02\/26\/the-bastidon-trail-gorges-du-verdon\/\" class=\"stk-block-posts__image-link\"><\/a><article class=\"stk-container-padding\"><h3 class=\"stk-block-posts__title\"><a href='https:\/\/www.auxvallons.fr\/en\/2025\/02\/26\/the-bastidon-trail-gorges-du-verdon\/'>The Bastidon trail - Gorges du Verdon<\/a><\/h3><div class=\"stk-block-posts__excerpt\"><p>Le Sentier du Bastidon: A wild and panoramic hike in the Gorges du Verdon The Sentier du Bastidon is a little-known but spectacular hike along the left bank of the Gorges du Verdon. Less popular than the famous Sentier Blanc-Marteloffers breathtaking views of the canyon, while passing through unspoilt nature. This trail, often compared to...<\/p>\n<\/div><a class=\"stk-block-posts__readmore\" href=\"https:\/\/www.auxvallons.fr\/en\/2025\/02\/26\/the-bastidon-trail-gorges-du-verdon\/\">It continues here &gt;&gt;<\/a><\/article><\/div><\/div><div class=\"stk-block-posts__item\"><div class=\"stk-container stk-e592208-container stk-hover-parent\"><a href=\"https:\/\/www.auxvallons.fr\/en\/2025\/02\/26\/le-sentier-du-bastidon-gorges-du-verdon\/\" class=\"stk-block-posts__image-link\"><\/a><article class=\"stk-container-padding\"><h3 class=\"stk-block-posts__title\"><a href='https:\/\/www.auxvallons.fr\/en\/2025\/02\/26\/le-sentier-du-bastidon-gorges-du-verdon\/'>The Bastidon path - Gorges du Verdon<\/a><\/h3><div class=\"stk-block-posts__excerpt\"><p>The Sentier du Bastidon: a wild and panoramic walk in the Gorges du Verdon The Sentier du Bastidon is a little-known but spectacular walk along the left bank of the Gorges du Verdon. Less popular than the famous Sentier Blanc-Martel, this trail offers uninterrupted views of the canyon as it passes through unspoilt countryside...<\/p>\n<\/div><a class=\"stk-block-posts__readmore\" href=\"https:\/\/www.auxvallons.fr\/en\/2025\/02\/26\/le-sentier-du-bastidon-gorges-du-verdon\/\">It continues here &gt;&gt;<\/a><\/article><\/div><\/div><div class=\"stk-block-posts__item\"><div class=\"stk-container stk-e592208-container stk-hover-parent\"><a href=\"https:\/\/www.auxvallons.fr\/en\/2025\/02\/26\/hiking-around-lac-de-quinson\/\" class=\"stk-block-posts__image-link\"><\/a><article class=\"stk-container-padding\"><h3 class=\"stk-block-posts__title\"><a href='https:\/\/www.auxvallons.fr\/en\/2025\/02\/26\/hiking-around-lac-de-quinson\/'>Hiking around Lac de Quinson<\/a><\/h3><div class=\"stk-block-posts__excerpt\"><p>Hiking around Quinson: Discover the Gorges du Verdon in a different way The village of Quinson, located in the Lower Verdon, is a veritable paradise for hikers. Less well known than the spectacular trails of the Grand Canyon du Verdon, this area offers equally fascinating scenery, between limestone cliffs, forests and turquoise rivers. Quinson is...<\/p>\n<\/div><a class=\"stk-block-posts__readmore\" href=\"https:\/\/www.auxvallons.fr\/en\/2025\/02\/26\/hiking-around-lac-de-quinson\/\">It continues here &gt;&gt;<\/a><\/article><\/div><\/div><div class=\"stk-block-posts__item\"><div class=\"stk-container stk-e592208-container stk-hover-parent\"><a href=\"https:\/\/www.auxvallons.fr\/en\/2025\/02\/26\/randonnee-quinson\/\" class=\"stk-block-posts__image-link\"><\/a><article class=\"stk-container-padding\"><h3 class=\"stk-block-posts__title\"><a href='https:\/\/www.auxvallons.fr\/en\/2025\/02\/26\/randonnee-quinson\/'>Walks around Lake Quinson<\/a><\/h3><div class=\"stk-block-posts__excerpt\"><p>Hiking around Quinson: Discover the Gorges du Verdon in a different way The village of Quinson, situated in the Lower Verdon, is a veritable paradise for hikers. Less well known than the spectacular trails of the Grand Canyon du Verdon, this area nevertheless offers landscapes that are just as fascinating, with limestone cliffs, forests and turquoise rivers. Quinson...<\/p>\n<\/div><a class=\"stk-block-posts__readmore\" href=\"https:\/\/www.auxvallons.fr\/en\/2025\/02\/26\/randonnee-quinson\/\">It continues here &gt;&gt;<\/a><\/article><\/div><\/div><div class=\"stk-block-posts__item\"><div class=\"stk-container stk-e592208-container stk-hover-parent\"><a href=\"https:\/\/www.auxvallons.fr\/en\/2025\/02\/26\/the-blanc-martel-trail\/\" class=\"stk-block-posts__image-link\"><\/a><article class=\"stk-container-padding\"><h3 class=\"stk-block-posts__title\"><a href='https:\/\/www.auxvallons.fr\/en\/2025\/02\/26\/the-blanc-martel-trail\/'>The Blanc-Martel trail<\/a><\/h3><div class=\"stk-block-posts__excerpt\"><p>Le Sentier Blanc-Martel: A mythical hike in the Gorges du Verdon The Sentier Blanc-Martel is without doubt the Verdon's most famous hike. Crossing the gorges from end to end, this spectacular route follows the river for almost 16 km, offering breathtaking scenery between vertiginous cliffs, underground passages and breathtaking views over the turquoise waters of...<\/p>\n<\/div><a class=\"stk-block-posts__readmore\" href=\"https:\/\/www.auxvallons.fr\/en\/2025\/02\/26\/the-blanc-martel-trail\/\">It continues here &gt;&gt;<\/a><\/article><\/div><\/div><\/div><div class=\"stk-inner-blocks\"><\/div><\/div><\/div>\n\n\n\n<hr class=\"wp-block-separator has-alpha-channel-opacity\">\n\n\n\n<h3 class=\"wp-block-heading\"><strong>The history of tourism in the Gorges du Verdon<\/strong><\/h3>\n\n\n\n<p data-block-type=\"core\">Although the gorges were once inhabited by the Gallic Verguni tribe, it was only very recently that the Verdon gorges began to attract visitors. They were mapped by the Cassini brothers as early as 1770, but were only accessible by mule track, and for a long time were rarely visited.<\/p>\n\n\n\n<p data-block-type=\"core\">It is thanks to the appearance and distribution of tourist guides and<strong>&nbsp;walks<\/strong>&nbsp;that they began to attract a public with a taste for romanticism. After Martel opened the way in 1905 under the aegis of the Ministry of Agriculture, the first daredevils took to the canyon.<\/p>\n\n\n\n<p data-block-type=\"core\">Tourism around the canyon is developing slowly, but the infrastructure to welcome visitors is still scarce and the paths are rough and dangerous. The train only goes as far as&nbsp;<strong>Saint-Andr\u00e9-les-Alpes<\/strong>&nbsp;which means you have to hire a car to admire the gorges...<\/p>\n\n\n\n<p data-block-type=\"core\">In 1906, the Touring Club de France set up a path leading down into the gorges. It was the start of a promotional campaign that would grow from year to year, introducing the public to this natural treasure and, in just a few decades, becoming the region's leading destination.<\/p>\n\n\n\n<p data-block-type=\"core\">Book your&nbsp;<a href=\"https:\/\/www.auxvallons.fr\/en\/locations\/\">camping pitch on the hill<\/a>&nbsp;with a view of Lac de Sainte Croix or opt for the&nbsp;<a href=\"https:\/\/www.auxvallons.fr\/en\/rentals-verdon-83\/\">a mobile home for a wonderful holiday in the Verdon<\/a>.<br><\/p>","protected":false},"excerpt":{"rendered":"<p>Paradis des grimpeurs ou des randonneurs, les Gorges du Verdon, sont une destination touristique majeure. Il faut l\u2019avoir fait au moins une fois dans sa vie. Vacances toniques ou contemplatives, en famille ou entre amis, les paysages des Gorges vous marquent \u00e0 jamais. Voici quelques informations pour vous mettre en app\u00e9tit avant de r\u00e9server vos [&hellip;]<\/p>\n","protected":false},"author":1,"featured_media":4037,"parent":0,"menu_order":0,"comment_status":"closed","ping_status":"closed","template":"","meta":{"_acf_changed":false,"_seopress_robots_primary_cat":"","_seopress_titles_title":"Les Gorges du Verdon le plus beau parc naturel r\u00e9gional d'Europe","_seopress_titles_desc":"D\u00e9couvrez les Gorges du Verdon un des plus beaux parc naturel r\u00e9gional d'Europe. Randonn\u00e9e, cano\u00eb, canyoning au programme r\u00e9servez au Camping Aux Vallons***","_seopress_robots_index":"","_seopress_analysis_target_kw":"","_vp_format_video_url":"","_vp_image_focal_point":[],"footnotes":""},"class_list":["post-771","page","type-page","status-publish","has-post-thumbnail","hentry"],"acf":[],"_links":{"self":[{"href":"https:\/\/www.auxvallons.fr\/en\/wp-json\/wp\/v2\/pages\/771","targetHints":{"allow":["GET"]}}],"collection":[{"href":"https:\/\/www.auxvallons.fr\/en\/wp-json\/wp\/v2\/pages"}],"about":[{"href":"https:\/\/www.auxvallons.fr\/en\/wp-json\/wp\/v2\/types\/page"}],"author":[{"embeddable":true,"href":"https:\/\/www.auxvallons.fr\/en\/wp-json\/wp\/v2\/users\/1"}],"replies":[{"embeddable":true,"href":"https:\/\/www.auxvallons.fr\/en\/wp-json\/wp\/v2\/comments?post=771"}],"version-history":[{"count":0,"href":"https:\/\/www.auxvallons.fr\/en\/wp-json\/wp\/v2\/pages\/771\/revisions"}],"wp:featuredmedia":[{"embeddable":true,"href":"https:\/\/www.auxvallons.fr\/en\/wp-json\/wp\/v2\/media\/4037"}],"wp:attachment":[{"href":"https:\/\/www.auxvallons.fr\/en\/wp-json\/wp\/v2\/media?parent=771"}],"curies":[{"name":"wp","href":"https:\/\/api.w.org\/{rel}","templated":true}]}}