{"id":723,"date":"2024-01-12T11:27:47","date_gmt":"2024-01-12T11:27:47","guid":{"rendered":"https:\/\/dev.vdtarn.fr\/?page_id=723"},"modified":"2024-03-27T08:17:44","modified_gmt":"2024-03-27T08:17:44","slug":"customer-advice","status":"publish","type":"page","link":"https:\/\/www.auxvallons.fr\/en\/avis-client\/","title":{"rendered":"Customer reviews"},"content":{"rendered":"<div class=\"wp-block-group is-vertical is-layout-flex wp-container-core-group-is-layout-5ec664e8 wp-block-group-is-layout-flex\" style=\"padding-bottom:var(--wp--preset--spacing--50)\" data-block-type=\"core\">\n<h2 class=\"wp-block-heading has-secondary-color has-text-color has-link-color wp-elements-af87f7295ab75698f15b4cb27a019308\">Read our customers' reviews<\/h2>\n<\/div>\n\n\n\n<div class=\"wp-block-stackable-columns stk-block-columns stk-block stk-567d734\" data-block-id=\"567d734\"><div class=\"stk-row stk-inner-blocks stk-block-content stk-content-align stk-567d734-column\">\n<div class=\"wp-block-stackable-column stk-block-column stk-column stk-block stk-2ae15fc\" data-v=\"4\" data-block-id=\"2ae15fc\"><div class=\"stk-column-wrapper stk-block-column__content stk-container stk-2ae15fc-container stk--no-background stk--no-padding\"><div class=\"stk-block-content stk-inner-blocks stk-2ae15fc-inner-blocks\">\n<div class=\"wp-block-stackable-image aligncenter stk-block-image has-text-align-right has-text-align-center-mobile stk-block stk-b1153b8\" data-block-id=\"b1153b8\"><style>.stk-b1153b8{border-top-left-radius:30px !important;border-top-right-radius:30px !important;border-bottom-right-radius:30px !important;border-bottom-left-radius:30px !important;overflow:hidden !important;min-height:0px !important}.stk-b1153b8 .stk-img-wrapper{width:40% !important}.stk-b1153b8 .stk-img-wrapper:hover img{transform:scale(0.9) !important}.stk-b1153b8 .stk-img-wrapper img{border-radius:30px !important}<\/style><figure><a class=\"stk-link\" href=\"https:\/\/www.tripadvisor.fr\/Hotel_Review-g4226699-d3337391-Reviews-Domaine_Vallee_du_Tarn-Saint_Cirgue_Tarn_Occitanie.html\" target=\"_blank\" rel=\"noreferrer noopener\"><span class=\"stk-img-wrapper stk-image--shape-stretch\"><img loading=\"lazy\" decoding=\"async\" class=\"stk-img wp-image-726\" src=\"https:\/\/auxvallons.fr\/wp-content\/uploads\/2024\/01\/Tripadvisor.jpg\" width=\"500\" height=\"500\" alt=\"check google reviews\" srcset=\"https:\/\/www.auxvallons.fr\/wp-content\/uploads\/2024\/01\/Tripadvisor.jpg 500w, https:\/\/www.auxvallons.fr\/wp-content\/uploads\/2024\/01\/Tripadvisor-300x300.jpg 300w, https:\/\/www.auxvallons.fr\/wp-content\/uploads\/2024\/01\/Tripadvisor-150x150.jpg 150w\" sizes=\"auto, (max-width: 500px) 100vw, 500px\" \/><\/span><\/a><\/figure><\/div>\n<\/div><\/div><\/div>\n\n\n\n<div class=\"wp-block-stackable-column stk-block-column stk-column stk-block stk-3e36ecd\" data-v=\"4\" data-block-id=\"3e36ecd\"><div class=\"stk-column-wrapper stk-block-column__content stk-container stk-3e36ecd-container stk--no-background stk--no-padding\"><div class=\"stk-block-content stk-inner-blocks stk-3e36ecd-inner-blocks\">\n<div class=\"wp-block-stackable-image stk-block-image has-text-align-left has-text-align-center-mobile stk-block stk-4340730\" data-block-id=\"4340730\"><style>.stk-4340730{border-top-left-radius:30px !important;border-top-right-radius:30px !important;border-bottom-right-radius:30px !important;border-bottom-left-radius:30px !important;overflow:hidden !important;min-height:0px !important}.stk-4340730 .stk-img-wrapper{width:40% !important}.stk-4340730 .stk-img-wrapper:hover img{transform:scale(0.9) !important}.stk-4340730 .stk-img-wrapper img{border-radius:30px !important}<\/style><figure><a class=\"stk-link\" href=\"https:\/\/www.google.com\/travel\/search?q=avis%20camping%20domaine%20vall%C3%A9e%20du%20tarn&amp;g2lb=2502548%2C2503771%2C2503781%2C4258168%2C4284970%2C4291517%2C4597339%2C4754388%2C4814050%2C4874190%2C4893075%2C4924070%2C4965990%2C10208620%2C72262033%2C72262037%2C72277293%2C72298667%2C72302247%2C72317059%2C72349957%2C72371892%2C72406588%2C72412680%2C72414906%2C72421566%2C72424729%2C72430562%2C72440517%2C72442338%2C72453200%2C72457721%2C72458707%2C72470899%2C72471395&amp;hl=fr-FR&amp;gl=fr&amp;ssta=1&amp;ts=CAEaRwopEicyJTB4MTJhZGYwZGE2N2ZjZWFkMzoweGU5OTZlNWNlMGZlMDA1OGESGhIUCgcI6A8QARgNEgcI6A8QARgPGAIyAhAA&amp;qs=CAEyFENnc0lpb3VBXy1DNXVjdnBBUkFCOAJCCQmKBeAPzuWW6UIJCYoF4A_O5Zbp&amp;ap=ugEHcmV2aWV3cw&amp;ictx=1&amp;ved=0CAAQ5JsGahcKEwiQtr7a39eDAxUAAAAAHQAAAAAQCw\" target=\"_blank\" rel=\"noreferrer noopener\"><span class=\"stk-img-wrapper stk-image--shape-stretch\"><img loading=\"lazy\" decoding=\"async\" class=\"stk-img wp-image-728\" src=\"https:\/\/auxvallons.fr\/wp-content\/uploads\/2024\/01\/Tripadvisor-1.jpg\" width=\"500\" height=\"500\" alt=\"google reviews\" srcset=\"https:\/\/www.auxvallons.fr\/wp-content\/uploads\/2024\/01\/Tripadvisor-1.jpg 500w, https:\/\/www.auxvallons.fr\/wp-content\/uploads\/2024\/01\/Tripadvisor-1-300x300.jpg 300w, https:\/\/www.auxvallons.fr\/wp-content\/uploads\/2024\/01\/Tripadvisor-1-150x150.jpg 150w\" sizes=\"auto, (max-width: 500px) 100vw, 500px\" \/><\/span><\/a><\/figure><\/div>\n<\/div><\/div><\/div>\n<\/div><\/div>","protected":false},"excerpt":{"rendered":"<p>Read our customers' reviews<\/p>","protected":false},"author":1,"featured_media":0,"parent":0,"menu_order":0,"comment_status":"closed","ping_status":"closed","template":"","meta":{"_acf_changed":false,"_seopress_robots_primary_cat":"","_seopress_titles_title":"Consultez les Avis Client du Domaine de la Vall\u00e9e du Tarn","_seopress_titles_desc":"Avant d'effectuer votre r\u00e9servation, consultez les avis client du Domaine de la Vall\u00e9e du Tarn. Petit Camping au c\u0153ur de la nature avec piscine.","_seopress_robots_index":"","_vp_format_video_url":"","_vp_image_focal_point":[],"footnotes":""},"class_list":["post-723","page","type-page","status-publish","hentry"],"acf":[],"_links":{"self":[{"href":"https:\/\/www.auxvallons.fr\/en\/wp-json\/wp\/v2\/pages\/723","targetHints":{"allow":["GET"]}}],"collection":[{"href":"https:\/\/www.auxvallons.fr\/en\/wp-json\/wp\/v2\/pages"}],"about":[{"href":"https:\/\/www.auxvallons.fr\/en\/wp-json\/wp\/v2\/types\/page"}],"author":[{"embeddable":true,"href":"https:\/\/www.auxvallons.fr\/en\/wp-json\/wp\/v2\/users\/1"}],"replies":[{"embeddable":true,"href":"https:\/\/www.auxvallons.fr\/en\/wp-json\/wp\/v2\/comments?post=723"}],"version-history":[{"count":0,"href":"https:\/\/www.auxvallons.fr\/en\/wp-json\/wp\/v2\/pages\/723\/revisions"}],"wp:attachment":[{"href":"https:\/\/www.auxvallons.fr\/en\/wp-json\/wp\/v2\/media?parent=723"}],"curies":[{"name":"wp","href":"https:\/\/api.w.org\/{rel}","templated":true}]}}