{"id":606,"date":"2024-01-11T16:11:14","date_gmt":"2024-01-11T16:11:14","guid":{"rendered":"https:\/\/dev.vdtarn.fr\/?page_id=606"},"modified":"2025-03-13T15:54:19","modified_gmt":"2025-03-13T14:54:19","slug":"downloads-2","status":"publish","type":"page","link":"https:\/\/www.auxvallons.fr\/en\/telechargements\/","title":{"rendered":"Downloads"},"content":{"rendered":"<p data-block-type=\"core\"><\/p>\n\n\n\n<div class=\"wp-block-stackable-feature alignfull stk-block-feature stk-block stk-228b298 stk-block-background is-style-default\" data-v=\"2\" data-block-id=\"228b298\"><style>.stk-228b298 {--stk-feature-flex-wrap:nowrap !important;background-color:#483c7e !important;}.stk-228b298:before{background-color:#483c7e !important;}<\/style><div class=\"stk-content-align stk-228b298-column alignfull stk-container stk-228b298-container stk--no-background stk--no-padding\"><div class=\"stk-inner-blocks has-text-align-right stk-block-content stk-row\">\n<div class=\"wp-block-stackable-column stk-block-column stk-column stk-block stk-f9a15cf\" data-v=\"4\" data-block-id=\"f9a15cf\"><style>.stk-f9a15cf {align-self:center !important;}@media screen and (min-width: 768px){.stk-f9a15cf {flex:var(--stk-flex-grow, 1) 1 calc(42.69999999999999% - var(--stk-column-gap, 0px) * 1 \/ 2 ) !important;}}<\/style><div class=\"stk-column-wrapper stk-block-column__content stk-container stk-f9a15cf-container stk--no-background stk--no-padding\"><div class=\"stk-block-content stk-inner-blocks stk-f9a15cf-inner-blocks\">\n<p class=\"has-base-color has-text-color has-link-color wp-elements-7dfcb051ccdaed94f3ee50792c3f15d2\" data-block-type=\"core\"><a href=\"\/wp-content\/uploads\/Guide-vacances-Verdon.pdf\" data-type=\"page\" data-id=\"2981\" target=\"_blank\" rel=\"noreferrer noopener\">Verdon holiday guide<\/a><\/p>\n\n\n\n<p class=\"has-base-color has-text-color has-link-color wp-elements-f029b6eb845202fd66284177b5ed3ec7\" data-block-type=\"core\"><a href=\"\/wp-content\/uploads\/infos-pratiques-campingen\" target=\"_blank\" rel=\"noreferrer noopener\">Practical information<\/a><\/p>\n\n\n\n<p class=\"has-base-color has-text-color has-link-color wp-elements-549cadbfe8035dd8f4b160ae426e6fb6\" data-block-type=\"core\"><a href=\"\/wp-content\/uploads\/contrat-reservation-location-bauduen.pdf\" target=\"_blank\" rel=\"noreferrer noopener\">Accommodation reservation contract<\/a><\/p>\n\n\n\n<p class=\"has-base-color has-text-color has-link-color wp-elements-853e8e322ce52f1316e6caeb3e84e6da\" data-block-type=\"core\"><a href=\"\/wp-content\/uploads\/contrat-reservation-emplacement-bauduen.pdf\" target=\"_blank\" rel=\"noreferrer noopener\">Site reservation contract<\/a><\/p>\n\n\n\n<p class=\"has-base-color has-text-color has-link-color wp-elements-f499a6c21a50bac53e518d7f954d392a\" data-block-type=\"core\"><a href=\"\/wp-content\/uploads\/ConditionsGeneralesDeVenteEN.pdf\" target=\"_blank\" rel=\"noreferrer noopener\">General rental conditions and house rules<\/a><\/p>\n\n\n\n<p class=\"has-base-color has-text-color has-link-color wp-elements-9de10bcbb990e6d86031f16920b6f2d3\" data-block-type=\"core\"><a href=\"https:\/\/www.auxvallons.fr\/en\/cancellation-insurance-2\/\" target=\"_blank\" rel=\"noreferrer noopener\"><span style=\"color: #ffffff;\" class=\"stk-highlight\">Cancellation Insurance<\/span><\/a><\/p>\n<\/div><\/div><\/div>\n\n\n\n<div class=\"wp-block-stackable-column stk-block-column stk-column stk-block stk-5561492\" data-v=\"4\" data-block-id=\"5561492\"><style>.stk-5561492 {align-self:center !important;}@media screen and (min-width: 768px){.stk-5561492 {flex:var(--stk-flex-grow, 1) 1 calc(57.30000000000001% - var(--stk-column-gap, 0px) * 1 \/ 2 ) !important;}}<\/style><div class=\"stk-column-wrapper stk-block-column__content stk-container stk-5561492-container stk--no-background stk--no-padding\"><div class=\"stk-block-content stk-inner-blocks stk-5561492-inner-blocks\">\n<div class=\"wp-block-stackable-image stk-block-image stk-block stk-e110ee0\" data-block-id=\"e110ee0\"><style>.stk-e110ee0 {margin-top:-80px !important;}.stk-e110ee0 .stk-img-wrapper{width:100% !important;height:526px !important;}<\/style><figure><span class=\"stk-img-wrapper stk-image--shape-stretch\"><img loading=\"lazy\" decoding=\"async\" class=\"stk-img wp-image-3060\" src=\"https:\/\/auxvallons.fr\/wp-content\/uploads\/2024\/12\/camping-haut-var-piscine.jpg\" width=\"900\" height=\"600\" alt=\"campsite in the Tarn with swimming pool\" srcset=\"https:\/\/www.auxvallons.fr\/wp-content\/uploads\/2024\/12\/camping-haut-var-piscine.jpg 900w, https:\/\/www.auxvallons.fr\/wp-content\/uploads\/2024\/12\/camping-haut-var-piscine-300x200.jpg 300w, https:\/\/www.auxvallons.fr\/wp-content\/uploads\/2024\/12\/camping-haut-var-piscine-768x512.jpg 768w, https:\/\/www.auxvallons.fr\/wp-content\/uploads\/2024\/12\/camping-haut-var-piscine-500x333.jpg 500w, https:\/\/www.auxvallons.fr\/wp-content\/uploads\/2024\/12\/camping-haut-var-piscine-800x533.jpg 800w\" sizes=\"auto, (max-width: 900px) 100vw, 900px\" \/><\/span><\/figure><\/div>\n<\/div><\/div><\/div>\n<\/div><\/div><\/div>\n\n\n\n<div class=\"wp-block-stackable-image aligncenter stk-block-image has-text-align-center stk-block stk-3212770\" data-block-id=\"3212770\"><style>.stk-3212770 {align-items:center !important;max-width:150px !important;min-width:auto !important;margin-top:30px !important;margin-right:auto !important;margin-bottom:30px !important;margin-left:auto !important;display:flex !important;}<\/style><figure><span class=\"stk-img-wrapper stk-image--shape-stretch\"><img loading=\"lazy\" decoding=\"async\" class=\"stk-img wp-image-311\" src=\"https:\/\/auxvallons.fr\/wp-content\/uploads\/2024\/01\/lavender.png\" width=\"200\" height=\"83\"\/><\/span><\/figure><\/div>","protected":false},"excerpt":{"rendered":"<p>Guide vacances en Verdon Informations pratiques Contrat de r\u00e9servation h\u00e9bergement Contrat de r\u00e9servation emplacement Conditions g\u00e9n\u00e9rales de location et r\u00e8glement int\u00e9rieur Assurance Annulation<\/p>","protected":false},"author":1,"featured_media":3254,"parent":0,"menu_order":0,"comment_status":"closed","ping_status":"closed","template":"","meta":{"_acf_changed":false,"_seopress_robots_primary_cat":"","_seopress_titles_title":"T\u00e9l\u00e9chargements | Camping Aux Vallons","_seopress_titles_desc":"Camping Aux Vallons. Camping 3 \u00e9toiles au coeur de la nature dans le Verdon. Animations, Piscine, bar-restaurant.","_seopress_robots_index":"","_vp_format_video_url":"","_vp_image_focal_point":[],"footnotes":""},"class_list":["post-606","page","type-page","status-publish","has-post-thumbnail","hentry"],"acf":[],"_links":{"self":[{"href":"https:\/\/www.auxvallons.fr\/en\/wp-json\/wp\/v2\/pages\/606","targetHints":{"allow":["GET"]}}],"collection":[{"href":"https:\/\/www.auxvallons.fr\/en\/wp-json\/wp\/v2\/pages"}],"about":[{"href":"https:\/\/www.auxvallons.fr\/en\/wp-json\/wp\/v2\/types\/page"}],"author":[{"embeddable":true,"href":"https:\/\/www.auxvallons.fr\/en\/wp-json\/wp\/v2\/users\/1"}],"replies":[{"embeddable":true,"href":"https:\/\/www.auxvallons.fr\/en\/wp-json\/wp\/v2\/comments?post=606"}],"version-history":[{"count":0,"href":"https:\/\/www.auxvallons.fr\/en\/wp-json\/wp\/v2\/pages\/606\/revisions"}],"wp:featuredmedia":[{"embeddable":true,"href":"https:\/\/www.auxvallons.fr\/en\/wp-json\/wp\/v2\/media\/3254"}],"wp:attachment":[{"href":"https:\/\/www.auxvallons.fr\/en\/wp-json\/wp\/v2\/media?parent=606"}],"curies":[{"name":"wp","href":"https:\/\/api.w.org\/{rel}","templated":true}]}}