{"id":518,"date":"2024-01-10T15:39:12","date_gmt":"2024-01-10T15:39:12","guid":{"rendered":"https:\/\/dev.vdtarn.fr\/?page_id=518"},"modified":"2025-02-26T19:24:28","modified_gmt":"2025-02-26T18:24:28","slug":"contact","status":"publish","type":"page","link":"https:\/\/www.auxvallons.fr\/en\/contact\/","title":{"rendered":"Access \/ Contact"},"content":{"rendered":"\n<div class=\"wp-block-stackable-columns stk-block-columns stk-block stk-fac6c8f\" data-block-id=\"fac6c8f\"><div class=\"stk-row stk-inner-blocks stk-block-content stk-content-align stk-fac6c8f-column\">\n<div class=\"wp-block-stackable-column stk-block-column stk-column stk-block stk-c47da7b\" data-v=\"4\" data-block-id=\"c47da7b\"><style>@media screen and (min-width: 768px){.stk-c47da7b {flex:var(--stk-flex-grow, 1) 1 33.3% !important;}}<\/style><div class=\"stk-column-wrapper stk-block-column__content stk-container stk-c47da7b-container stk--no-background stk--no-padding\"><div class=\"stk-block-content stk-inner-blocks stk-c47da7b-inner-blocks\">\n<figure class=\"wp-block-image alignleft size-full is-resized\" data-block-type=\"core\"><img loading=\"lazy\" decoding=\"async\" width=\"400\" height=\"533\" src=\"https:\/\/auxvallons.fr\/wp-content\/uploads\/2025\/02\/proprios-camping-verdon.jpg\" alt=\"propri\u00e9taires camping aux Vallons Verdon\" class=\"wp-image-3942\" style=\"width:270px;height:auto\" srcset=\"https:\/\/www.auxvallons.fr\/wp-content\/uploads\/2025\/02\/proprios-camping-verdon.jpg 400w, https:\/\/www.auxvallons.fr\/wp-content\/uploads\/2025\/02\/proprios-camping-verdon-225x300.jpg 225w\" sizes=\"auto, (max-width: 400px) 100vw, 400px\" \/><\/figure>\n<\/div><\/div><\/div>\n\n\n\n<div class=\"wp-block-stackable-column stk-block-column stk-column stk-block stk-702c31f\" data-v=\"4\" data-block-id=\"702c31f\"><style>@media screen and (min-width: 768px){.stk-702c31f {flex:var(--stk-flex-grow, 1) 1 66.7% !important;}}<\/style><div class=\"stk-column-wrapper stk-block-column__content stk-container stk-702c31f-container stk--no-background stk--no-padding\"><div class=\"stk-block-content stk-inner-blocks stk-702c31f-inner-blocks\">\n<p data-block-type=\"core\"><\/p>\n\n\n\n<p data-block-type=\"core\">Afin de r\u00e9pondre aux mieux \u00e0 toute pr\u00e9 r\u00e9servation ou renseignements, veuillez remplir le formulaire de contact ci-dessous ou contactez-nous au 04 94 700 913<\/p>\n<\/div><\/div><\/div>\n<\/div><\/div>\n\n\n<p data-block-type=\"core\"><div class='fluentform ff-default fluentform_wrapper_3 ffs_default_wrap'><form data-form_id=\"3\" id=\"fluentform_3\" class=\"frm-fluent-form fluent_form_3 ff-el-form-top ff_form_instance_3_1 ff-form-loading ffs_default\" data-form_instance=\"ff_form_instance_3_1\" method=\"POST\" ><fieldset  style=\"border: none!important;margin: 0!important;padding: 0!important;background-color: transparent!important;box-shadow: none!important;outline: none!important; min-inline-size: 100%;\">\n                    <legend class=\"ff_screen_reader_title\" style=\"display: block; margin: 0!important;padding: 0!important;height: 0!important;text-indent: -999999px;width: 0!important;overflow:hidden;\">Contact<\/legend><input type='hidden' name='__fluent_form_embded_post_id' value='518' \/><input type=\"hidden\" id=\"_fluentform_3_fluentformnonce\" name=\"_fluentform_3_fluentformnonce\" value=\"5e36770614\" \/><input type=\"hidden\" name=\"_wp_http_referer\" value=\"\/en\/wp-json\/wp\/v2\/pages\/518\" \/><div data-type=\"name-element\" data-name=\"names\" class=\" ff-field_container ff-name-field-wrapper\" ><div class='ff-t-container'><div class='ff-t-cell '><div class='ff-el-group  ff-el-form-top'><div class=\"ff-el-input--label asterisk-right\"><label for='ff_3_names_first_name_' id='label_ff_3_names_first_name_' >Pr\u00e9nom<\/label><\/div><div class='ff-el-input--content'><input type=\"text\" name=\"names[first_name]\" id=\"ff_3_names_first_name_\" class=\"ff-el-form-control\" placeholder=\"Pr\u00e9nom\" aria-invalid=\"false\" aria-required=false><\/div><\/div><\/div><div class='ff-t-cell '><div class='ff-el-group  ff-el-form-top'><div class=\"ff-el-input--label ff-el-is-required asterisk-right\"><label for='ff_3_names_last_name_' id='label_ff_3_names_last_name_' >Nom<\/label><\/div><div class='ff-el-input--content'><input type=\"text\" name=\"names[last_name]\" id=\"ff_3_names_last_name_\" class=\"ff-el-form-control\" placeholder=\"Nom de famille\" aria-invalid=\"false\" aria-required=true><\/div><\/div><\/div><\/div><\/div><div data-name=\"ff_cn_id_1\"  class='ff-t-container ff-column-container ff_columns_total_2 '><div class='ff-t-cell ff-t-column-1' style='flex-basis: 50%;'><div class='ff-el-group'><div class=\"ff-el-input--label ff-el-is-required asterisk-right\"><label for='ff_3_email' id='label_ff_3_email' aria-label=\"E-mail\">E-mail<\/label><\/div><div class='ff-el-input--content'><input type=\"email\" name=\"email\" id=\"ff_3_email\" class=\"ff-el-form-control\" placeholder=\"Email Address\" data-name=\"email\"  aria-invalid=\"false\" aria-required=true><\/div><\/div><\/div><div class='ff-t-cell ff-t-column-2' style='flex-basis: 50%;'><div class='ff-el-group'><div class=\"ff-el-input--label ff-el-is-required asterisk-right\"><label for='ff_3_numeric-field' id='label_ff_3_numeric-field' aria-label=\"T\u00e9l\u00e9phone\">T\u00e9l\u00e9phone<\/label><\/div><div class='ff-el-input--content'><input type=\"number\" name=\"numeric-field\" id=\"ff_3_numeric-field\" class=\"ff-el-form-control\" data-name=\"numeric-field\" inputmode=\"numeric\" step=\"any\"  aria-invalid=\"false\" aria-required=true><\/div><\/div><\/div><\/div><div class=\"ff-name-address-wrapper fluent-address\" data-type=\"address-element\" data-name=\"address_1\" ><div class='ff-el-input--content'><div class='ff-t-container'><div class='ff-t-cell'><div class='ff-el-group'><div class=\"ff-el-input--label asterisk-right\"><label for='ff_3_address_1_address_line_1_' id='label_ff_3_address_1_address_line_1_' aria-label=\"Adresse\">Adresse<\/label><\/div><div class='ff-el-input--content'><input type=\"text\" name=\"address_1[address_line_1]\" id=\"ff_3_address_1_address_line_1_\" class=\"ff-el-form-control\" placeholder=\"Adresse ligne 1\" data-key_name=\"address_line_1\"  aria-invalid=\"false\" aria-required=false><\/div><\/div><\/div><div class='ff-t-cell'><div class='ff-el-group'><div class=\"ff-el-input--label asterisk-right\"><label for='ff_3_address_1_city_' id='label_ff_3_address_1_city_' aria-label=\"Ville\">Ville<\/label><\/div><div class='ff-el-input--content'><input type=\"text\" name=\"address_1[city]\" id=\"ff_3_address_1_city_\" class=\"ff-el-form-control\" placeholder=\"Ville\" data-key_name=\"city\"  aria-invalid=\"false\" aria-required=false><\/div><\/div><\/div><\/div><div class='ff-t-container'><div class='ff-t-cell'><div class='ff-el-group'><div class=\"ff-el-input--label asterisk-right\"><label for='ff_3_address_1_zip_' id='label_ff_3_address_1_zip_' aria-label=\"Code postal\">Code postal<\/label><\/div><div class='ff-el-input--content'><input type=\"text\" name=\"address_1[zip]\" id=\"ff_3_address_1_zip_\" class=\"ff-el-form-control\" placeholder=\"Code Postal\" data-key_name=\"zip\"  aria-invalid=\"false\" aria-required=false><\/div><\/div><\/div><\/div><\/div><\/div><div data-name=\"ff_cn_id_2\"  class='ff-t-container ff-column-container ff_columns_total_2 '><div class='ff-t-cell ff-t-column-1' style='flex-basis: 50%;'><div class='ff-el-group'><div class=\"ff-el-input--label asterisk-right\"><label for='ff_3_dropdown' id='label_ff_3_dropdown' aria-label=\"Motif de la demande\">Motif de la demande<\/label><\/div><div class='ff-el-input--content'><select name=\"dropdown\" id=\"ff_3_dropdown\" class=\"ff-el-form-control\" data-name=\"dropdown\" data-calc_value=\"0\"  aria-invalid=\"false\" aria-required=\"false\" aria-labelledby=\"label_ff_3_dropdown\"><option value=\"\">- Select -<\/option><option value=\"Emplacement\"  >Emplacement<\/option><option value=\"H\u00e9bergement\"  >H\u00e9bergement<\/option><option value=\"Groupe\"  >Groupe<\/option><option value=\"Autre\"  >Autre<\/option><\/select><\/div><\/div><\/div><div class='ff-t-cell ff-t-column-2' style='flex-basis: 50%;'><div class='ff-el-group'><div class=\"ff-el-input--label asterisk-right\"><label for='ff_3_datetime' id='label_ff_3_datetime' aria-label=\"P\u00e9riode demand\u00e9e\">P\u00e9riode demand\u00e9e<\/label><\/div><div class='ff-el-input--content'><input  aria-label='P\u00e9riode demand\u00e9e Use arrow keys to navigate dates. Press enter to select a date.'  aria-haspopup='dialog' data-type-datepicker data-format='d\/m\/Y' type=\"text\" name=\"datetime\" id=\"ff_3_datetime\" class=\"ff-el-form-control ff-el-datepicker\" data-name=\"datetime\"  aria-invalid='false' aria-required=false><\/div><\/div><\/div><\/div><div class='ff-el-group'><div class=\"ff-el-input--label asterisk-right\"><label for='ff_3_description' id='label_ff_3_description' aria-label=\"Exprimez plus exactement votre demande ou vos souhaits :\">Exprimez plus exactement votre demande ou vos souhaits :<\/label><\/div><div class='ff-el-input--content'><textarea aria-required=\"false\" aria-labelledby=\"label_ff_3_description\" name=\"description\" id=\"ff_3_description\" class=\"ff-el-form-control\" rows=\"3\" cols=\"2\" data-name=\"description\" ><\/textarea><\/div><\/div><div class='ff-el-group    ff-el-input--content'><div class='ff-el-form-check ff-el-tc'><label aria-label='J&#039;accepte que les informations saisies soient exploit\u00e9es dans le cadre de la demande d&#039;information et de la relation commerciale qui peut en d\u00e9couler *' class='ff-el-form-check-label ff_tc_label' for=terms-n-condition_9b4b4e845f866a506c5ecd8a71ffb48a><span class='ff_tc_checkbox'><input type=\"checkbox\" name=\"terms-n-condition\" class=\"ff-el-form-check-input\" data-name=\"terms-n-condition\" id=\"terms-n-condition_9b4b4e845f866a506c5ecd8a71ffb48a\"  value='on' aria-invalid='false' aria-required=true><\/span> <div class='ff_t_c'><p>J'accepte que les informations saisies soient exploit\u00e9es dans le cadre de la demande d'information et de la relation commerciale qui peut en d\u00e9couler *<\/p><\/div><\/label><\/div><\/div><div class='ff-el-group ff-text-left ff_submit_btn_wrapper'><button type=\"submit\" class=\"ff-btn ff-btn-submit ff-btn-md ff_btn_style\"  aria-label=\"Envoyer\">Envoyer<\/button><\/div><\/fieldset><\/form><div id='fluentform_3_errors' class='ff-errors-in-stack ff_form_instance_3_1 ff-form-loading_errors ff_form_instance_3_1_errors'><\/div><\/div>            <script type=\"text\/javascript\">\n                window.fluent_form_ff_form_instance_3_1 = {\"id\":\"3\",\"ajaxUrl\":\"https:\\\/\\\/www.auxvallons.fr\\\/wp-admin\\\/admin-ajax.php\",\"settings\":{\"layout\":{\"labelPlacement\":\"top\",\"helpMessagePlacement\":\"with_label\",\"errorMessagePlacement\":\"inline\",\"cssClassName\":\"\",\"asteriskPlacement\":\"asterisk-right\"},\"restrictions\":{\"denyEmptySubmission\":{\"enabled\":false}}},\"form_instance\":\"ff_form_instance_3_1\",\"form_id_selector\":\"fluentform_3\",\"rules\":{\"names[first_name]\":{\"required\":{\"value\":false,\"message\":\"This field is required\",\"global_message\":\"Ce champ est obligatoire\",\"global\":true}},\"names[middle_name]\":{\"required\":{\"value\":false,\"message\":\"This field is required\",\"global_message\":\"Ce champ est obligatoire\",\"global\":true}},\"names[last_name]\":{\"required\":{\"value\":true,\"message\":\"This field is required\",\"global_message\":\"Ce champ est obligatoire\",\"global\":true}},\"email\":{\"required\":{\"value\":true,\"message\":\"This field is required\",\"global_message\":\"Ce champ est obligatoire\",\"global\":true},\"email\":{\"value\":true,\"message\":\"This field must contain a valid email\",\"global_message\":\"Ce champ doit contenir un e-mail valide\",\"global\":true}},\"numeric-field\":{\"required\":{\"value\":true,\"message\":\"This field is required\",\"global_message\":\"Ce champ est obligatoire\",\"global\":true},\"numeric\":{\"value\":true,\"message\":\"This field must contain numeric value\",\"global_message\":\"Ce champ doit contenir une valeur num\\u00e9rique\",\"global\":true},\"min\":{\"value\":\"\",\"message\":\"Validation fails for minimum value\",\"global_message\":\"\\u00c9chec de la validation pour la valeur minimale\",\"global\":true},\"max\":{\"value\":\"\",\"message\":\"Validation fails for maximum value\",\"global_message\":\"\\u00c9chec de la validation pour la valeur maximale\",\"global\":true},\"digits\":{\"value\":\"\",\"message\":\"Validation fails for limited digits\",\"global_message\":\"La validation \\u00e9choue pour un nombre limit\\u00e9 de chiffres\",\"global\":true}},\"address_1[address_line_1]\":{\"required\":{\"value\":false,\"message\":\"This field is required\",\"global_message\":\"Ce champ est obligatoire\",\"global\":true}},\"address_1[address_line_2]\":{\"required\":{\"value\":false,\"message\":\"This field is required\",\"global_message\":\"Ce champ est obligatoire\",\"global\":true}},\"address_1[city]\":{\"required\":{\"value\":false,\"message\":\"This field is required\",\"global_message\":\"Ce champ est obligatoire\",\"global\":true}},\"address_1[state]\":{\"required\":{\"value\":false,\"message\":\"This field is required\",\"global_message\":\"Ce champ est obligatoire\",\"global\":true}},\"address_1[zip]\":{\"required\":{\"value\":false,\"message\":\"This field is required\",\"global_message\":\"Ce champ est obligatoire\",\"global\":true}},\"address_1[country]\":{\"required\":{\"value\":false,\"message\":\"This field is required\",\"global_message\":\"Ce champ est obligatoire\",\"global\":true}},\"dropdown\":{\"required\":{\"value\":false,\"message\":\"This field is required\",\"global_message\":\"Ce champ est obligatoire\",\"global\":true}},\"datetime\":{\"required\":{\"value\":false,\"message\":\"This field is required\",\"global_message\":\"Ce champ est obligatoire\",\"global\":true}},\"description\":{\"required\":{\"value\":false,\"message\":\"This field is required\",\"global_message\":\"Ce champ est obligatoire\",\"global\":true}},\"terms-n-condition\":{\"required\":{\"value\":true,\"message\":\"This field is required\",\"global_message\":\"Ce champ est obligatoire\",\"global\":true}}},\"debounce_time\":300};\n                            <\/script>\n            <\/p>\n\n\n\n<div class=\"wp-block-group alignfull has-background has-global-padding is-layout-constrained wp-block-group-is-layout-constrained\" style=\"background-color:#512b97\" data-block-type=\"core\">\n<div class=\"wp-block-stackable-feature alignwide stk-block-feature stk-block stk-db8f475 is-style-default\" data-v=\"2\" data-block-id=\"db8f475\"><style>.stk-db8f475 {--stk-feature-flex-wrap:nowrap !important;}<\/style><div class=\"stk-content-align stk-db8f475-column alignwide stk-container stk-db8f475-container stk--no-background stk--no-padding\"><div class=\"stk-inner-blocks stk-block-content stk-row\">\n<div class=\"wp-block-stackable-column stk-block-column stk-column stk-block stk-5a89faa\" data-v=\"4\" data-block-id=\"5a89faa\"><style>.stk-5a89faa {align-self:center !important;}<\/style><div class=\"stk-column-wrapper stk-block-column__content stk-container stk-5a89faa-container stk--no-background stk--no-padding\"><div class=\"stk-block-content stk-inner-blocks stk-5a89faa-inner-blocks\">\n<div class=\"wp-block-stackable-image stk-block-image stk-block stk-6496dd0\" data-block-id=\"6496dd0\"><style>.stk-6496dd0 {margin-top:30px !important;margin-bottom:30px !important;}.stk-6496dd0 .stk-img-wrapper{height:600px !important;}.stk-6496dd0 .stk-img-wrapper img, .stk-6496dd0 .stk-img-wrapper::after, .stk-6496dd0 .stk-img-wrapper::before{mask-image:url('data:image\/svg+xml;base64,PHN2ZyB4bWxucz0iaHR0cDovL3d3dy53My5vcmcvMjAwMC9zdmciIHZpZXdCb3g9IjAgMCA2MDAgNjAwIiBwcmVzZXJ2ZUFzcGVjdFJhdGlvPSJub25lIj48cGF0aCBkPSJNNTk0LjUgMjkuM2MyNS40IDQ1LjktNDMuMiAxNTEuOC03MC44IDI2NS4xQzQ5NiA0MDcuNSA1MDkuNCA1MjggNDU4LjQgNTc1LjNjLTUwLjkgNDcuMS0xNjYuMiAyMC45LTI2OC45LTI5Qzg2LjYgNDk2LjMtMy43IDQyMi43LjEgMzUyLjVjMy44LTcwLjMgMTAxLjktMTM3IDE3Mi43LTE5My4xIDcwLjktNTYgMTE0LjUtMTAxLjYgMTk1LjktMTMxLjZzMjAwLjYtNDQuMiAyMjUuOCAxLjV6Ij48L3BhdGg+PC9zdmc+') !important;-webkit-mask-image:url('data:image\/svg+xml;base64,PHN2ZyB4bWxucz0iaHR0cDovL3d3dy53My5vcmcvMjAwMC9zdmciIHZpZXdCb3g9IjAgMCA2MDAgNjAwIiBwcmVzZXJ2ZUFzcGVjdFJhdGlvPSJub25lIj48cGF0aCBkPSJNNTk0LjUgMjkuM2MyNS40IDQ1LjktNDMuMiAxNTEuOC03MC44IDI2NS4xQzQ5NiA0MDcuNSA1MDkuNCA1MjggNDU4LjQgNTc1LjNjLTUwLjkgNDcuMS0xNjYuMiAyMC45LTI2OC45LTI5Qzg2LjYgNDk2LjMtMy43IDQyMi43LjEgMzUyLjVjMy44LTcwLjMgMTAxLjktMTM3IDE3Mi43LTE5My4xIDcwLjktNTYgMTE0LjUtMTAxLjYgMTk1LjktMTMxLjZzMjAwLjYtNDQuMiAyMjUuOCAxLjV6Ij48L3BhdGg+PC9zdmc+') !important;}<\/style><figure><span class=\"stk-img-wrapper stk-img--shape stk-image--shape-stretch\"><img loading=\"lazy\" decoding=\"async\" class=\"stk-img wp-image-3059\" src=\"https:\/\/auxvallons.fr\/wp-content\/uploads\/2024\/12\/camping-gorges-verdon-piscine.jpg\" width=\"900\" height=\"675\" alt=\"aire de jeux camping Tarn\" srcset=\"https:\/\/www.auxvallons.fr\/wp-content\/uploads\/2024\/12\/camping-gorges-verdon-piscine.jpg 900w, https:\/\/www.auxvallons.fr\/wp-content\/uploads\/2024\/12\/camping-gorges-verdon-piscine-300x225.jpg 300w, https:\/\/www.auxvallons.fr\/wp-content\/uploads\/2024\/12\/camping-gorges-verdon-piscine-768x576.jpg 768w, https:\/\/www.auxvallons.fr\/wp-content\/uploads\/2024\/12\/camping-gorges-verdon-piscine-500x375.jpg 500w, https:\/\/www.auxvallons.fr\/wp-content\/uploads\/2024\/12\/camping-gorges-verdon-piscine-800x600.jpg 800w\" sizes=\"auto, (max-width: 900px) 100vw, 900px\" \/><\/span><\/figure><\/div>\n<\/div><\/div><\/div>\n\n\n\n<div class=\"wp-block-stackable-column stk-block-column stk-column stk-block stk-554396e\" data-v=\"4\" data-block-id=\"554396e\"><style>.stk-554396e {align-self:center !important;}<\/style><div class=\"stk-column-wrapper stk-block-column__content stk-container stk-554396e-container stk--no-background stk--no-padding\"><div class=\"stk-block-content stk-inner-blocks stk-554396e-inner-blocks\">\n<div class=\"wp-block-stackable-heading stk-block-heading stk-block-heading--v2 stk-block stk-849c0ec\" id=\"acceder-au-camping\" data-block-id=\"849c0ec\"><style>.stk-849c0ec {margin-bottom:0px !important;}.stk-849c0ec .stk-block-heading__text{font-size:56px !important;color:#e5e6d8 !important;}@media screen and (max-width: 1023px){.stk-849c0ec .stk-block-heading__text{font-size:50px !important;}}<\/style><h2 class=\"stk-block-heading__text has-text-color stk-block-heading--use-theme-margins\">Acc\u00e9der au Camping<\/h2><\/div>\n\n\n\n<p class=\"has-primary-color has-text-color has-link-color has-small-font-size wp-elements-0dcf785fcf2673dba6fd301c3497fdbd\" data-block-type=\"core\"><\/p>\n\n\n\n<iframe style=\"border: 0;\" src=\"https:\/\/www.google.com\/maps\/embed?pb=!1m14!1m8!1m3!1d92271.1416166271!2d6.124856991485014!3d43.721496300000005!3m2!1i1024!2i768!4f13.1!3m3!1m2!1s0x0%3A0x960db553f28dab4e!2sCamping+Aux+Vallons!5e0!3m2!1sfr!2sfr!4v1507969791408\" width=100% height=500 frameborder=\"0\" allowfullscreen=\"allowfullscreen\"><\/iframe>\n<\/div><\/div><\/div>\n<\/div><\/div><\/div>\n<\/div>\n\n\n\n<div class=\"wp-block-stackable-image aligncenter stk-block-image has-text-align-center stk-block stk-3212770\" data-block-id=\"3212770\"><style>.stk-3212770 {align-items:center !important;max-width:150px !important;min-width:auto !important;margin-top:30px !important;margin-right:auto !important;margin-bottom:30px !important;margin-left:auto !important;display:flex !important;}<\/style><figure><span class=\"stk-img-wrapper stk-image--shape-stretch\"><img loading=\"lazy\" decoding=\"async\" class=\"stk-img wp-image-311\" src=\"https:\/\/auxvallons.fr\/wp-content\/uploads\/2024\/01\/lavender.png\" width=\"200\" height=\"83\"\/><\/span><\/figure><\/div>\n","protected":false},"excerpt":{"rendered":"<p>Afin de r\u00e9pondre aux mieux \u00e0 toute pr\u00e9 r\u00e9servation ou renseignements, veuillez remplir le formulaire de contact ci-dessous ou contactez-nous au 04 94 700 913 Acc\u00e9der au Camping<\/p>","protected":false},"author":1,"featured_media":3254,"parent":0,"menu_order":0,"comment_status":"closed","ping_status":"closed","template":"","meta":{"_acf_changed":false,"_seopress_robots_primary_cat":"","_seopress_titles_title":"Acc\u00e8s & Contact - Camping Aux Vallons en Verdon","_seopress_titles_desc":"Camping Aux Vallons 3 \u00e9toiles dans le Verdon avec piscine et snack-bar. R\u00e9servez votre s\u00e9jour en quelques clics ou appelez au 04 94 700 913.","_seopress_robots_index":"","_vp_format_video_url":"","_vp_image_focal_point":[],"footnotes":""},"class_list":["post-518","page","type-page","status-publish","has-post-thumbnail","hentry"],"acf":[],"_links":{"self":[{"href":"https:\/\/www.auxvallons.fr\/en\/wp-json\/wp\/v2\/pages\/518","targetHints":{"allow":["GET"]}}],"collection":[{"href":"https:\/\/www.auxvallons.fr\/en\/wp-json\/wp\/v2\/pages"}],"about":[{"href":"https:\/\/www.auxvallons.fr\/en\/wp-json\/wp\/v2\/types\/page"}],"author":[{"embeddable":true,"href":"https:\/\/www.auxvallons.fr\/en\/wp-json\/wp\/v2\/users\/1"}],"replies":[{"embeddable":true,"href":"https:\/\/www.auxvallons.fr\/en\/wp-json\/wp\/v2\/comments?post=518"}],"version-history":[{"count":0,"href":"https:\/\/www.auxvallons.fr\/en\/wp-json\/wp\/v2\/pages\/518\/revisions"}],"wp:featuredmedia":[{"embeddable":true,"href":"https:\/\/www.auxvallons.fr\/en\/wp-json\/wp\/v2\/media\/3254"}],"wp:attachment":[{"href":"https:\/\/www.auxvallons.fr\/en\/wp-json\/wp\/v2\/media?parent=518"}],"curies":[{"name":"wp","href":"https:\/\/api.w.org\/{rel}","templated":true}]}}