{"id":3986,"date":"2025-02-25T09:55:49","date_gmt":"2025-02-25T08:55:49","guid":{"rendered":"https:\/\/auxvallons.fr\/?page_id=3986"},"modified":"2026-02-04T10:10:33","modified_gmt":"2026-02-04T09:10:33","slug":"camping-ardeche-opinion","status":"publish","type":"page","link":"https:\/\/www.auxvallons.fr\/en\/avis-camping-ardeche\/","title":{"rendered":"Customer reviews"},"content":{"rendered":"<h2 class=\"wp-block-heading\">Your opinion counts!<\/h2>\n\n\n\n<div class=\"wp-block-stackable-columns stk-block-columns stk-block stk-3477cff\" data-block-id=\"3477cff\"><div class=\"stk-row stk-inner-blocks stk-block-content stk-content-align stk-3477cff-column\">\n<div class=\"wp-block-stackable-column stk-block-column stk-column stk-block stk-b89f0fb\" data-v=\"4\" data-block-id=\"b89f0fb\"><div class=\"stk-column-wrapper stk-block-column__content stk-container stk-b89f0fb-container stk--no-background stk--no-padding\"><div class=\"stk-block-content stk-inner-blocks stk-b89f0fb-inner-blocks\">\n<div id=\"TA_selfserveprop780\" class=\"TA_selfserveprop\"><ul id=\"thXkpOtGz9A3\" class=\"TA_links JDol4FDC1\"><li id=\"YZZ6o45B\" class=\"drTgRMq\"><a target=\"_blank\" href=\"https:\/\/www.tripadvisor.fr\/Hotel_Review-g315828-d8447831-Reviews-Camping_Aux_Vallons-Bauduen_Var_Provence_Alpes_Cote_d_Azur.html\"><img decoding=\"async\" src=\"https:\/\/www.tripadvisor.fr\/img\/cdsi\/img2\/branding\/v2\/Tripadvisor_lockup_horizontal_secondary_registered-11900-2.svg\" alt=\"TripAdvisor\"\/><\/a><\/li><\/ul><\/div><script async src=\"https:\/\/www.jscache.com\/wejs?wtype=selfserveprop&amp;uniq=780&amp;locationId=8447831&amp;lang=fr&amp;rating=true&amp;nreviews=5&amp;writereviewlink=true&amp;popIdx=false&amp;iswide=false&amp;border=true&amp;display_version=2\" data-loadtrk onload=\"this.loadtrk=true\"><\/script>\n<\/div><\/div><\/div>\n\n\n\n<div class=\"wp-block-stackable-column stk-block-column stk-column stk-block stk-2f7a7cb\" data-v=\"4\" data-block-id=\"2f7a7cb\"><div class=\"stk-column-wrapper stk-block-column__content stk-container stk-2f7a7cb-container stk--no-background stk--no-padding\"><div class=\"stk-block-content stk-inner-blocks stk-2f7a7cb-inner-blocks\">\n<div id=\"TA_excellent525\" class=\"TA_excellent\"><ul id=\"a3RniRnBvXM\" class=\"TA_links ZmU0m68n\"><li id=\"hQD84Q\" class=\"GNdahm\"><a target=\"_blank\" href=\"https:\/\/www.tripadvisor.fr\/Hotel_Review-g315828-d8447831-Reviews-Camping_Aux_Vallons-Bauduen_Var_Provence_Alpes_Cote_d_Azur.html\"><img decoding=\"async\" src=\"https:\/\/static.tacdn.com\/img2\/brand_refresh\/Tripadvisor_lockup_horizontal_secondary_registered.svg\" alt=\"TripAdvisor\" class=\"widEXCIMG\" id=\"CDSWIDEXCLOGO\"\/><\/a><\/li><\/ul><\/div><script async src=\"https:\/\/www.jscache.com\/wejs?wtype=excellent&amp;uniq=525&amp;locationId=8447831&amp;lang=fr&amp;display_version=2\" data-loadtrk onload=\"this.loadtrk=true\"><\/script>\n<\/div><\/div><\/div>\n\n\n\n<div class=\"wp-block-stackable-column stk-block-column stk-column stk-block stk-879ca89\" data-v=\"4\" data-block-id=\"879ca89\"><div class=\"stk-column-wrapper stk-block-column__content stk-container stk-879ca89-container stk--no-background stk--no-padding\"><div class=\"stk-block-content stk-inner-blocks stk-879ca89-inner-blocks\">\n<div id=\"TA_cdsratingsonlynarrow399\" class=\"TA_cdsratingsonlynarrow\"><ul id=\"oP5CPv8LhLj\" class=\"TA_links rbruaOZ3w\"><li id=\"n8NzTpZsmt\" class=\"APRal6QJBq\"><a target=\"_blank\" href=\"https:\/\/www.tripadvisor.fr\/Hotel_Review-g315828-d8447831-Reviews-Camping_Aux_Vallons-Bauduen_Var_Provence_Alpes_Cote_d_Azur.html\"><img decoding=\"async\" src=\"https:\/\/www.tripadvisor.fr\/img\/cdsi\/img2\/branding\/v2\/Tripadvisor_lockup_horizontal_secondary_registered-18034-2.svg\" alt=\"TripAdvisor\"\/><\/a><\/li><\/ul><\/div><script async src=\"https:\/\/www.jscache.com\/wejs?wtype=cdsratingsonlynarrow&amp;uniq=399&amp;locationId=8447831&amp;lang=fr&amp;border=true&amp;display_version=2\" data-loadtrk onload=\"this.loadtrk=true\"><\/script>\n<\/div><\/div><\/div>\n<\/div><\/div>\n\n\n\n<div class=\"wp-block-stackable-image aligncenter stk-block-image has-text-align-center stk-block stk-3212770\" data-block-id=\"3212770\"><style>.stk-3212770 {align-items:center !important;max-width:150px !important;min-width:auto !important;margin-top:30px !important;margin-right:auto !important;margin-bottom:30px !important;margin-left:auto !important;display:flex !important;}<\/style><figure><span class=\"stk-img-wrapper stk-image--shape-stretch\"><img loading=\"lazy\" decoding=\"async\" class=\"stk-img wp-image-311\" src=\"https:\/\/auxvallons.fr\/wp-content\/uploads\/2024\/01\/lavender.png\" width=\"200\" height=\"83\"\/><\/span><\/figure><\/div>\n\n\n\n<h2 class=\"wp-block-heading\">La Presse parle de nous<\/h2>\n\n\n\n<figure class=\"wp-block-image alignfull size-large\" data-block-type=\"core\"><img loading=\"lazy\" decoding=\"async\" width=\"1024\" height=\"728\" src=\"https:\/\/www.auxvallons.fr\/wp-content\/uploads\/2026\/02\/IMG_20260129_0002-1024x728.jpg\" alt=\"le campinf Aux vallons dans la presse locale\" class=\"wp-image-5157\" srcset=\"https:\/\/www.auxvallons.fr\/wp-content\/uploads\/2026\/02\/IMG_20260129_0002-1024x728.jpg 1024w, https:\/\/www.auxvallons.fr\/wp-content\/uploads\/2026\/02\/IMG_20260129_0002-300x213.jpg 300w, https:\/\/www.auxvallons.fr\/wp-content\/uploads\/2026\/02\/IMG_20260129_0002-768x546.jpg 768w, https:\/\/www.auxvallons.fr\/wp-content\/uploads\/2026\/02\/IMG_20260129_0002-1536x1092.jpg 1536w, https:\/\/www.auxvallons.fr\/wp-content\/uploads\/2026\/02\/IMG_20260129_0002-18x12.jpg 18w, https:\/\/www.auxvallons.fr\/wp-content\/uploads\/2026\/02\/IMG_20260129_0002-500x356.jpg 500w, https:\/\/www.auxvallons.fr\/wp-content\/uploads\/2026\/02\/IMG_20260129_0002-800x569.jpg 800w, https:\/\/www.auxvallons.fr\/wp-content\/uploads\/2026\/02\/IMG_20260129_0002-1280x910.jpg 1280w, https:\/\/www.auxvallons.fr\/wp-content\/uploads\/2026\/02\/IMG_20260129_0002.jpg 1547w\" sizes=\"auto, (max-width: 1024px) 100vw, 1024px\" \/><\/figure>\n\n\n\n<h2 class=\"wp-block-heading\">Les influenceurs passent par chez nous<\/h2>\n\n\n\n<figure class=\"wp-block-image aligncenter size-large is-resized\" data-block-type=\"core\"><img loading=\"lazy\" decoding=\"async\" width=\"1024\" height=\"769\" src=\"https:\/\/www.auxvallons.fr\/wp-content\/uploads\/2026\/02\/influenceurs-verdon-1024x769.jpg\" alt=\"Danielle et Arthur les influenceurs au camping du Verdon\" class=\"wp-image-5158\" style=\"width:732px;height:auto\" srcset=\"https:\/\/www.auxvallons.fr\/wp-content\/uploads\/2026\/02\/influenceurs-verdon-1024x769.jpg 1024w, https:\/\/www.auxvallons.fr\/wp-content\/uploads\/2026\/02\/influenceurs-verdon-300x225.jpg 300w, https:\/\/www.auxvallons.fr\/wp-content\/uploads\/2026\/02\/influenceurs-verdon-768x577.jpg 768w, https:\/\/www.auxvallons.fr\/wp-content\/uploads\/2026\/02\/influenceurs-verdon-16x12.jpg 16w, https:\/\/www.auxvallons.fr\/wp-content\/uploads\/2026\/02\/influenceurs-verdon-500x375.jpg 500w, https:\/\/www.auxvallons.fr\/wp-content\/uploads\/2026\/02\/influenceurs-verdon-800x601.jpg 800w, https:\/\/www.auxvallons.fr\/wp-content\/uploads\/2026\/02\/influenceurs-verdon.jpg 1200w\" sizes=\"auto, (max-width: 1024px) 100vw, 1024px\" \/><\/figure>\n\n\n\n<p data-block-type=\"core\">Danielle et Arthur @StudioDanielle<\/p>","protected":false},"excerpt":{"rendered":"<p>Votre avis compte ! La Presse parle de nous Les influenceurs passent par chez nous Danielle et Arthur @StudioDanielle<\/p>","protected":false},"author":1,"featured_media":3254,"parent":0,"menu_order":0,"comment_status":"closed","ping_status":"closed","template":"","meta":{"_acf_changed":false,"_seopress_robots_primary_cat":"","_seopress_titles_title":"Les avis camping Ard\u00e8che","_seopress_titles_desc":"Votre avis compte sur le camping en Ard\u00e8che. Participez \u00e0 l'am\u00e9lioration de l'accueil des client en camping","_seopress_robots_index":"","_vp_format_video_url":"","_vp_image_focal_point":[],"footnotes":""},"class_list":["post-3986","page","type-page","status-publish","has-post-thumbnail","hentry"],"acf":[],"_links":{"self":[{"href":"https:\/\/www.auxvallons.fr\/en\/wp-json\/wp\/v2\/pages\/3986","targetHints":{"allow":["GET"]}}],"collection":[{"href":"https:\/\/www.auxvallons.fr\/en\/wp-json\/wp\/v2\/pages"}],"about":[{"href":"https:\/\/www.auxvallons.fr\/en\/wp-json\/wp\/v2\/types\/page"}],"author":[{"embeddable":true,"href":"https:\/\/www.auxvallons.fr\/en\/wp-json\/wp\/v2\/users\/1"}],"replies":[{"embeddable":true,"href":"https:\/\/www.auxvallons.fr\/en\/wp-json\/wp\/v2\/comments?post=3986"}],"version-history":[{"count":2,"href":"https:\/\/www.auxvallons.fr\/en\/wp-json\/wp\/v2\/pages\/3986\/revisions"}],"predecessor-version":[{"id":5160,"href":"https:\/\/www.auxvallons.fr\/en\/wp-json\/wp\/v2\/pages\/3986\/revisions\/5160"}],"wp:featuredmedia":[{"embeddable":true,"href":"https:\/\/www.auxvallons.fr\/en\/wp-json\/wp\/v2\/media\/3254"}],"wp:attachment":[{"href":"https:\/\/www.auxvallons.fr\/en\/wp-json\/wp\/v2\/media?parent=3986"}],"curies":[{"name":"wp","href":"https:\/\/api.w.org\/{rel}","templated":true}]}}