{"id":3747,"date":"2025-02-08T12:31:23","date_gmt":"2025-02-08T11:31:23","guid":{"rendered":"https:\/\/auxvallons.fr\/?page_id=3747"},"modified":"2025-02-08T12:31:23","modified_gmt":"2025-02-08T11:31:23","slug":"aiguines","status":"publish","type":"page","link":"https:\/\/www.auxvallons.fr\/en\/aiguines\/","title":{"rendered":"Aiguines"},"content":{"rendered":"<h2 class=\"wp-block-heading\"><strong><strong>Ch\u00e2teau d'Aiguines: a witness to the past<\/strong><\/strong><\/h2>\n\n\n\n<div class=\"wp-block-columns alignwide is-layout-flex wp-container-core-columns-is-layout-c617dbaa wp-block-columns-is-layout-flex\" style=\"padding-top:var(--wp--preset--spacing--40);padding-bottom:var(--wp--preset--spacing--40)\" data-block-type=\"core\">\n<div class=\"wp-block-column is-vertically-aligned-center is-layout-flow wp-block-column-is-layout-flow\" style=\"flex-basis:33.38%\" data-block-type=\"core\">\n<p class=\"has-small-font-size\" data-block-type=\"core\">The Ch\u00e2teau d'Aiguines, built in the Middle Ages, proudly dominates the village. A symbol of the region's medieval history, the castle offers a captivating visit through its restored rooms, displaying artefacts and exhibits that retrace the rich past of the region.\u00a0<strong>Provence<\/strong>. Visitors can also take advantage of a\u00a0<strong>panoramic view<\/strong>\u00a0from the castle ramparts.<br> only <strong>23 minutes from your <a href=\"\/en\/\">camping proven\u00e7al Aux Vallons<\/a>.<\/strong><\/p>\n<\/div>\n\n\n\n<div class=\"wp-block-column is-layout-flow wp-block-column-is-layout-flow\" style=\"flex-basis:33%\" data-block-type=\"core\">\n<div style=\"height:2vw\" aria-hidden=\"true\" class=\"wp-block-spacer\" data-block-type=\"core\"><\/div>\n\n\n\n<div class=\"wp-block-stackable-image stk-block-image has-text-align-left stk-block stk-b55591f\" data-block-id=\"b55591f\"><style>.stk-b55591f {border-top-left-radius:0px !important;border-top-right-radius:0px !important;border-bottom-right-radius:0px !important;border-bottom-left-radius:0px !important;overflow:hidden !important;box-shadow:15px 25px 58px 0px #00000080 !important;}.stk-b55591f .stk-img-wrapper{width:100% !important;height:500px !important;}.stk-b55591f .stk-img-wrapper img{border-radius:0px !important;object-position:77% 45% !important;}<\/style><figure><span class=\"stk-img-wrapper stk-image--shape-stretch\"><img loading=\"lazy\" decoding=\"async\" class=\"stk-img wp-image-3753\" src=\"https:\/\/auxvallons.fr\/wp-content\/uploads\/2025\/02\/Aiguines.jpg\" width=\"1024\" height=\"768\" alt=\"aiguines and its castle\" srcset=\"https:\/\/www.auxvallons.fr\/wp-content\/uploads\/2025\/02\/Aiguines.jpg 1024w, https:\/\/www.auxvallons.fr\/wp-content\/uploads\/2025\/02\/Aiguines-300x225.jpg 300w, https:\/\/www.auxvallons.fr\/wp-content\/uploads\/2025\/02\/Aiguines-768x576.jpg 768w, https:\/\/www.auxvallons.fr\/wp-content\/uploads\/2025\/02\/Aiguines-500x375.jpg 500w, https:\/\/www.auxvallons.fr\/wp-content\/uploads\/2025\/02\/Aiguines-800x600.jpg 800w\" sizes=\"auto, (max-width: 1024px) 100vw, 1024px\" \/><\/span><\/figure><\/div>\n<\/div>\n\n\n\n<div class=\"wp-block-column is-layout-flow wp-block-column-is-layout-flow\" style=\"flex-basis:33.62%\" data-block-type=\"core\">\n<div class=\"wp-block-stackable-image stk-block-image stk-block stk-b7a6d0b\" data-block-id=\"b7a6d0b\"><style>.stk-b7a6d0b {box-shadow:15px 25px 58px 0px #00000080 !important;}.stk-b7a6d0b .stk-img-wrapper{width:100% !important;height:480px !important;}.stk-b7a6d0b .stk-img-wrapper img{object-position:91% 52% !important;}<\/style><figure><span class=\"stk-img-wrapper stk-image--shape-stretch\"><img loading=\"lazy\" decoding=\"async\" class=\"stk-img wp-image-3752\" src=\"https:\/\/auxvallons.fr\/wp-content\/uploads\/2025\/02\/itineraire-aiguines.jpg\" width=\"674\" height=\"1072\" alt=\"visit to Gaillac\" srcset=\"https:\/\/www.auxvallons.fr\/wp-content\/uploads\/2025\/02\/itineraire-aiguines.jpg 674w, https:\/\/www.auxvallons.fr\/wp-content\/uploads\/2025\/02\/itineraire-aiguines-189x300.jpg 189w, https:\/\/www.auxvallons.fr\/wp-content\/uploads\/2025\/02\/itineraire-aiguines-644x1024.jpg 644w, https:\/\/www.auxvallons.fr\/wp-content\/uploads\/2025\/02\/itineraire-aiguines-500x795.jpg 500w\" sizes=\"auto, (max-width: 674px) 100vw, 674px\" \/><\/span><\/figure><\/div>\n<\/div>\n<\/div>\n\n\n\n<div class=\"wp-block-stackable-button-group stk-block-button-group stk-block stk-54544f8\" data-block-id=\"54544f8\" data-block-type=\"core\"><div class=\"stk-row stk-inner-blocks stk-block-content stk-button-group\">\n<div class=\"wp-block-stackable-button stk-block-button has-text-align-center stk-block stk-7085414\" data-block-id=\"7085414\"><style>.stk-7085414 {min-height:0px !important;margin-top:11px !important;}.stk-7085414 .stk-button{min-height:64px !important;padding-right:28px !important;padding-left:28px !important;background:#e5e6d8 !important;border-top-left-radius:38px !important;border-top-right-radius:38px !important;border-bottom-right-radius:38px !important;border-bottom-left-radius:38px !important;}.stk-7085414 .stk-button .stk--inner-svg svg:last-child{height:32px !important;width:32px !important;}.stk-7085414 .stk-button .stk--inner-svg svg:last-child, .stk-7085414 .stk-button .stk--inner-svg svg:last-child :is(g, path, rect, polygon, ellipse){fill:#535446 !important;}.stk-7085414 .stk-button__inner-text{color:#535446 !important;text-transform:uppercase !important;font-family:\"Crete Round\", Sans-serif !important;}<\/style><a class=\"stk-link stk-button stk--hover-effect-lift\" href=\"\/en\/activities-in-verdon\/\"><span class=\"has-text-color stk-button__inner-text\">RETURN TO THE VILLAGES of Provence<\/span><span class=\"stk--svg-wrapper\"><div class=\"stk--inner-svg\"><svg xmlns=\"http:\/\/www.w3.org\/2000\/svg\" viewbox=\"0 0 512 512\" aria-hidden=\"true\" width=\"32\" height=\"32\"><path d=\"M512 256A256 256 0 1 0 0 256a256 256 0 1 0 512 0zM217.4 376.9L117.5 269.8c-3.5-3.8-5.5-8.7-5.5-13.8s2-10.1 5.5-13.8l99.9-107.1c4.2-4.5 10.1-7.1 16.3-7.1c12.3 0 22.3 10 22.3 22.3l0 57.7 96 0c17.7 0 32 14.3 32 32l0 32c0 17.7-14.3 32-32 32l-96 0 0 57.7c0 12.3-10 22.3-22.3 22.3c-6.2 0-12.1-2.6-16.3-7.1z\"><\/path><\/svg><\/div><\/span><\/a><\/div>\n<\/div><\/div>\n\n\n\n<div class=\"wp-block-stackable-image aligncenter stk-block-image has-text-align-center stk-block stk-3212770\" data-block-id=\"3212770\"><style>.stk-3212770 {align-items:center !important;max-width:150px !important;min-width:auto !important;margin-top:30px !important;margin-right:auto !important;margin-bottom:30px !important;margin-left:auto !important;display:flex !important;}<\/style><figure><span class=\"stk-img-wrapper stk-image--shape-stretch\"><img loading=\"lazy\" decoding=\"async\" class=\"stk-img wp-image-311\" src=\"https:\/\/auxvallons.fr\/wp-content\/uploads\/2024\/01\/lavender.png\" width=\"200\" height=\"83\"\/><\/span><\/figure><\/div>\n\n\n\n<figure class=\"wp-block-image size-full\" data-block-type=\"core\"><img loading=\"lazy\" decoding=\"async\" width=\"1024\" height=\"768\" src=\"https:\/\/auxvallons.fr\/wp-content\/uploads\/2025\/02\/Aiguines.jpg\" alt=\"aiguines and its castle\" class=\"wp-image-3753\" srcset=\"https:\/\/www.auxvallons.fr\/wp-content\/uploads\/2025\/02\/Aiguines.jpg 1024w, https:\/\/www.auxvallons.fr\/wp-content\/uploads\/2025\/02\/Aiguines-300x225.jpg 300w, https:\/\/www.auxvallons.fr\/wp-content\/uploads\/2025\/02\/Aiguines-768x576.jpg 768w, https:\/\/www.auxvallons.fr\/wp-content\/uploads\/2025\/02\/Aiguines-500x375.jpg 500w, https:\/\/www.auxvallons.fr\/wp-content\/uploads\/2025\/02\/Aiguines-800x600.jpg 800w\" sizes=\"auto, (max-width: 1024px) 100vw, 1024px\" \/><\/figure>\n\n\n\n<p data-block-type=\"core\"><strong>The Church of Saint-Denis: An Architectural Treasure<\/strong><\/p>\n\n\n\n<p data-block-type=\"core\">The 16th-century church of Saint-Denis is an architectural treasure in the heart of Aiguines. Lovers of religious art will be enchanted by the sculpted details on the fa\u00e7ade and the peaceful atmosphere inside. The church also offers a&nbsp;<strong>panoramic view of the surrounding area<\/strong>making the visit a spiritual and visual experience.<\/p>\n\n\n\n<p data-block-type=\"core\"><strong>The Gorges du Verdon: A magnificent natural setting<\/strong><\/p>\n\n\n\n<p data-block-type=\"core\">Aiguines is the ideal starting point for exploring the&nbsp;<a href=\"https:\/\/www.auxvallons.fr\/en\/the-verdon\/\">Gorges du Verdon<\/a>one of Europe's most impressive natural sites. Adventure-seekers can indulge in activities such as canoeing, hiking and climbing to discover the wild beauty of this region.&nbsp;<strong>spectacular canyon<\/strong>. The hiking trails offer exceptional panoramic views of the limestone cliffs and the emerald blue of Lac de Sainte-Croix.<\/p>\n\n\n\n<p data-block-type=\"core\"><strong>Lac de Sainte-Croix: An Oasis of Serenity<\/strong><\/p>\n\n\n\n<p data-block-type=\"core\">Just a stone's throw from Aiguines,&nbsp;<a href=\"https:\/\/www.auxvallons.fr\/en\/the-verdon-lakes\/\">Lake Sainte-Croix<\/a>&nbsp;stretches its sparkling waters. Ideal for a relaxing day out, the lake offers opportunities for swimming, water sports or simply a peaceful cruise. The landscaped beaches and secluded coves offer moments of tranquillity in the heart of unspoilt nature.<\/p>\n\n\n\n<p data-block-type=\"core\"><strong>Les Artisans d'Aiguines: Authentic craftsmanship<\/strong><\/p>\n\n\n\n<p data-block-type=\"core\">Aiguines is also home to a community of passionate craftspeople, carrying on age-old traditions. Visitors can explore pottery, weaving and woodworking workshops, discovering the authenticity and quality of local products. Aiguines' craft markets offer a unique opportunity to take home a piece of Proven\u00e7al handicraft.<\/p>\n\n\n\n<h2 class=\"wp-block-heading\"><strong>An enchanting getaway in Aiguines<\/strong><\/h2>\n\n\n\n<p data-block-type=\"core\">Aiguines, with its captivating blend of history, breathtaking nature and traditional craftsmanship, is a must-see destination for travellers in search of authenticity. Whether you're attracted by the medieval remains of the Ch\u00e2teau d'Aiguines, the breathtaking trails of the Gorges du Verdon or the unique handcrafted creations, Aiguines promises an enchanting getaway in the heart of Provence.<\/p>\n\n\n\n<p data-block-type=\"core\">Book your&nbsp;<a href=\"https:\/\/www.auxvallons.fr\/en\/locations\/\">location<\/a>&nbsp;or your&nbsp;<a href=\"https:\/\/www.auxvallons.fr\/en\/rentals-verdon-83\/\">holiday rentals at a campsite near Aiguines.<\/a><\/p>\n\n\n\n<div class=\"wp-block-stackable-button-group stk-block-button-group stk-block stk-nvt1mhf\" data-block-id=\"nvt1mhf\" data-block-type=\"core\"><div class=\"stk-row stk-inner-blocks stk-block-content stk-button-group\">\n<div class=\"wp-block-stackable-button stk-block-button has-text-align-center stk-block stk-xnta3d5\" data-block-id=\"xnta3d5\"><style>.stk-xnta3d5 {min-height:0px !important;margin-top:11px !important;}.stk-xnta3d5 .stk-button{min-height:64px !important;padding-right:28px !important;padding-left:28px !important;background:#e5e6d8 !important;border-top-left-radius:38px !important;border-top-right-radius:38px !important;border-bottom-right-radius:38px !important;border-bottom-left-radius:38px !important;}.stk-xnta3d5 .stk-button .stk--inner-svg svg:last-child{height:32px !important;width:32px !important;}.stk-xnta3d5 .stk-button .stk--inner-svg svg:last-child, .stk-xnta3d5 .stk-button .stk--inner-svg svg:last-child :is(g, path, rect, polygon, ellipse){fill:#535446 !important;}.stk-xnta3d5 .stk-button__inner-text{color:#535446 !important;text-transform:uppercase !important;font-family:\"Crete Round\", Sans-serif !important;}<\/style><a class=\"stk-link stk-button stk--hover-effect-lift\" href=\"\/en\/activities-in-verdon\/\"><span class=\"has-text-color stk-button__inner-text\">RETURN TO THE VILLAGES of Provence<\/span><span class=\"stk--svg-wrapper\"><div class=\"stk--inner-svg\"><svg xmlns=\"http:\/\/www.w3.org\/2000\/svg\" viewbox=\"0 0 512 512\" aria-hidden=\"true\" width=\"32\" height=\"32\"><path d=\"M512 256A256 256 0 1 0 0 256a256 256 0 1 0 512 0zM217.4 376.9L117.5 269.8c-3.5-3.8-5.5-8.7-5.5-13.8s2-10.1 5.5-13.8l99.9-107.1c4.2-4.5 10.1-7.1 16.3-7.1c12.3 0 22.3 10 22.3 22.3l0 57.7 96 0c17.7 0 32 14.3 32 32l0 32c0 17.7-14.3 32-32 32l-96 0 0 57.7c0 12.3-10 22.3-22.3 22.3c-6.2 0-12.1-2.6-16.3-7.1z\"><\/path><\/svg><\/div><\/span><\/a><\/div>\n<\/div><\/div>\n\n\n\n<p data-block-type=\"core\">Photo :Th\u00e9r\u00e8se Gaig\u00e9, CC BY-SA 3.0&nbsp;<a href=\"https:\/\/creativecommons.org\/licenses\/by-sa\/3.0\">https:\/\/creativecommons.org\/licenses\/by-sa\/3.0<\/a>, via Wikimedia Commons<\/p>\n\n\n\n<p data-block-type=\"core\"><\/p>","protected":false},"excerpt":{"rendered":"<p>Le Ch\u00e2teau d\u2019Aiguines : Un T\u00e9moin du Pass\u00e9 Le Ch\u00e2teau d\u2019Aiguines, \u00e9rig\u00e9 au Moyen-\u00c2ge, domine fi\u00e8rement le village. Symbole de l\u2019histoire m\u00e9di\u00e9vale de la r\u00e9gion, le ch\u00e2teau offre une visite captivante \u00e0 travers ses salles restaur\u00e9es, exposant des artefacts et des expositions qui retracent le riche pass\u00e9 de la\u00a0Provence. Les visiteurs peuvent \u00e9galement profiter d\u2019une\u00a0vue [&hellip;]<\/p>\n","protected":false},"author":1,"featured_media":3254,"parent":0,"menu_order":0,"comment_status":"closed","ping_status":"closed","template":"","meta":{"_acf_changed":false,"_seopress_robots_primary_cat":"","_seopress_titles_title":"Aiguines, la perle du Verdon","_seopress_titles_desc":"Visitez Aiguines lors de votre s\u00e9jour dans le Verdon, un village pittoresque incontournable \u00e0 visiter en famille. R\u00e9servez votre location.","_seopress_robots_index":"","_vp_format_video_url":"","_vp_image_focal_point":[],"footnotes":""},"class_list":["post-3747","page","type-page","status-publish","has-post-thumbnail","hentry"],"acf":[],"_links":{"self":[{"href":"https:\/\/www.auxvallons.fr\/en\/wp-json\/wp\/v2\/pages\/3747","targetHints":{"allow":["GET"]}}],"collection":[{"href":"https:\/\/www.auxvallons.fr\/en\/wp-json\/wp\/v2\/pages"}],"about":[{"href":"https:\/\/www.auxvallons.fr\/en\/wp-json\/wp\/v2\/types\/page"}],"author":[{"embeddable":true,"href":"https:\/\/www.auxvallons.fr\/en\/wp-json\/wp\/v2\/users\/1"}],"replies":[{"embeddable":true,"href":"https:\/\/www.auxvallons.fr\/en\/wp-json\/wp\/v2\/comments?post=3747"}],"version-history":[{"count":0,"href":"https:\/\/www.auxvallons.fr\/en\/wp-json\/wp\/v2\/pages\/3747\/revisions"}],"wp:featuredmedia":[{"embeddable":true,"href":"https:\/\/www.auxvallons.fr\/en\/wp-json\/wp\/v2\/media\/3254"}],"wp:attachment":[{"href":"https:\/\/www.auxvallons.fr\/en\/wp-json\/wp\/v2\/media?parent=3747"}],"curies":[{"name":"wp","href":"https:\/\/api.w.org\/{rel}","templated":true}]}}