{"id":364,"date":"2024-01-10T11:03:10","date_gmt":"2024-01-10T11:03:10","guid":{"rendered":"https:\/\/dev.vdtarn.fr\/?page_id=364"},"modified":"2025-06-05T10:28:00","modified_gmt":"2025-06-05T08:28:00","slug":"cotignac","status":"publish","type":"page","link":"https:\/\/www.auxvallons.fr\/en\/cotignac\/","title":{"rendered":"Cotignac"},"content":{"rendered":"<h2 class=\"wp-block-heading\">Cotignac : The authentic charm of a typical Var village<\/h2>\n\n\n\n<div class=\"wp-block-columns alignwide are-vertically-aligned-center is-layout-flex wp-container-core-columns-is-layout-c617dbaa wp-block-columns-is-layout-flex\" style=\"padding-top:var(--wp--preset--spacing--40);padding-bottom:var(--wp--preset--spacing--40)\" data-block-type=\"core\">\n<div class=\"wp-block-column is-vertically-aligned-center is-layout-flow wp-block-column-is-layout-flow\" style=\"flex-basis:33.38%\" data-block-type=\"core\">\n<p data-block-type=\"core\"><strong>Cotignac<\/strong> is a jewel nestled in the heart of Provence, just 2 minutes from your home. <a href=\"\/en\/\">camping in Provence<\/a>, <\/p>\n\n\n\n<p data-block-type=\"core\">This typical Proven\u00e7al village attracts visitors from all over the world with its <strong>picturesque charm<\/strong>with its cobbled streets and enchanting atmosphere. <\/p>\n\n\n\n<p data-block-type=\"core\">This small commune, close to <a href=\"https:\/\/www.auxvallons.fr\/en\/sillans-la-cascade\/\">Sillans-la-cascade<\/a>nestling at the foot of<strong>imposing limestone cliffs<\/strong>This is an ideal getaway for those seeking authenticity and tranquillity in an unspoilt natural setting.<\/p>\n<\/div>\n\n\n\n<div class=\"wp-block-column is-vertically-aligned-center is-layout-flow wp-block-column-is-layout-flow\" style=\"flex-basis:33%\" data-block-type=\"core\">\n<div style=\"height:2vw\" aria-hidden=\"true\" class=\"wp-block-spacer\" data-block-type=\"core\"><\/div>\n\n\n\n<div class=\"wp-block-stackable-image stk-block-image has-text-align-left stk-block stk-b55591f\" data-block-id=\"b55591f\"><style>.stk-b55591f {border-top-left-radius:0px !important;border-top-right-radius:0px !important;border-bottom-right-radius:0px !important;border-bottom-left-radius:0px !important;overflow:hidden !important;box-shadow:15px 25px 58px 0px #00000080 !important;}.stk-b55591f .stk-img-wrapper{width:100% !important;height:500px !important;}.stk-b55591f .stk-img-wrapper img{border-radius:0px !important;}<\/style><figure><span class=\"stk-img-wrapper stk-image--shape-stretch stk--has-lightbox\"><img loading=\"lazy\" decoding=\"async\" class=\"stk-img wp-image-2962\" src=\"https:\/\/auxvallons.fr\/wp-content\/uploads\/2024\/11\/Cotignac.jpg\" width=\"1024\" height=\"684\" srcset=\"https:\/\/www.auxvallons.fr\/wp-content\/uploads\/2024\/11\/Cotignac.jpg 1024w, https:\/\/www.auxvallons.fr\/wp-content\/uploads\/2024\/11\/Cotignac-300x200.jpg 300w, https:\/\/www.auxvallons.fr\/wp-content\/uploads\/2024\/11\/Cotignac-768x513.jpg 768w, https:\/\/www.auxvallons.fr\/wp-content\/uploads\/2024\/11\/Cotignac-500x334.jpg 500w, https:\/\/www.auxvallons.fr\/wp-content\/uploads\/2024\/11\/Cotignac-800x534.jpg 800w\" sizes=\"auto, (max-width: 1024px) 100vw, 1024px\" \/><\/span><\/figure><\/div>\n<\/div>\n\n\n\n<div class=\"wp-block-column is-vertically-aligned-center is-layout-flow wp-block-column-is-layout-flow\" style=\"flex-basis:33.62%\" data-block-type=\"core\">\n<div class=\"wp-block-stackable-image stk-block-image stk-block stk-b7a6d0b\" data-block-id=\"b7a6d0b\"><style>.stk-b7a6d0b {box-shadow:15px 25px 58px 0px #00000080 !important;}.stk-b7a6d0b .stk-img-wrapper{width:100% !important;height:480px !important;}<\/style><figure><span class=\"stk-img-wrapper stk-image--shape-stretch stk--has-lightbox\"><img loading=\"lazy\" decoding=\"async\" class=\"stk-img wp-image-3962\" src=\"https:\/\/auxvallons.fr\/wp-content\/uploads\/2025\/02\/cotignac-map.jpg\" width=\"640\" height=\"942\" alt=\"Cotignac, Provencal village\" srcset=\"https:\/\/www.auxvallons.fr\/wp-content\/uploads\/2025\/02\/cotignac-map.jpg 640w, https:\/\/www.auxvallons.fr\/wp-content\/uploads\/2025\/02\/cotignac-map-204x300.jpg 204w, https:\/\/www.auxvallons.fr\/wp-content\/uploads\/2025\/02\/cotignac-map-500x736.jpg 500w\" sizes=\"auto, (max-width: 640px) 100vw, 640px\" \/><\/span><\/figure><\/div>\n<\/div>\n<\/div>\n\n\n\n<div class=\"wp-block-stackable-button-group stk-block-button-group stk-block stk-54544f8\" data-block-id=\"54544f8\" data-block-type=\"core\"><div class=\"stk-row stk-inner-blocks stk-block-content stk-button-group\">\n<div class=\"wp-block-stackable-button stk-block-button has-text-align-center stk-block stk-7085414\" data-block-id=\"7085414\"><style>.stk-7085414 {min-height:0px !important;margin-top:11px !important;}.stk-7085414 .stk-button{min-height:64px !important;padding-right:28px !important;padding-left:28px !important;background:#e5e6d8 !important;border-top-left-radius:38px !important;border-top-right-radius:38px !important;border-bottom-right-radius:38px !important;border-bottom-left-radius:38px !important;}.stk-7085414 .stk-button .stk--inner-svg svg:last-child{height:32px !important;width:32px !important;}.stk-7085414 .stk-button .stk--inner-svg svg:last-child, .stk-7085414 .stk-button .stk--inner-svg svg:last-child :is(g, path, rect, polygon, ellipse){fill:#535446 !important;}.stk-7085414 .stk-button__inner-text{color:#535446 !important;text-transform:uppercase !important;font-family:\"Crete Round\", Sans-serif !important;}<\/style><a class=\"stk-link stk-button stk--hover-effect-lift\" href=\"\/en\/activities-in-verdon\/\"><span class=\"has-text-color stk-button__inner-text\">RETURN TO THE VILLAGES of Provence<\/span><span class=\"stk--svg-wrapper\"><div class=\"stk--inner-svg\"><svg xmlns=\"http:\/\/www.w3.org\/2000\/svg\" viewbox=\"0 0 512 512\" aria-hidden=\"true\" width=\"32\" height=\"32\"><path d=\"M512 256A256 256 0 1 0 0 256a256 256 0 1 0 512 0zM217.4 376.9L117.5 269.8c-3.5-3.8-5.5-8.7-5.5-13.8s2-10.1 5.5-13.8l99.9-107.1c4.2-4.5 10.1-7.1 16.3-7.1c12.3 0 22.3 10 22.3 22.3l0 57.7 96 0c17.7 0 32 14.3 32 32l0 32c0 17.7-14.3 32-32 32l-96 0 0 57.7c0 12.3-10 22.3-22.3 22.3c-6.2 0-12.1-2.6-16.3-7.1z\"><\/path><\/svg><\/div><\/span><\/a><\/div>\n<\/div><\/div>\n\n\n\n<div class=\"wp-block-stackable-image aligncenter stk-block-image has-text-align-center stk-block stk-3212770\" data-block-id=\"3212770\"><style>.stk-3212770 {align-items:center !important;max-width:150px !important;min-width:auto !important;margin-top:30px !important;margin-right:auto !important;margin-bottom:30px !important;margin-left:auto !important;display:flex !important;}<\/style><figure><span class=\"stk-img-wrapper stk-image--shape-stretch\"><img loading=\"lazy\" decoding=\"async\" class=\"stk-img wp-image-311\" src=\"https:\/\/auxvallons.fr\/wp-content\/uploads\/2024\/01\/lavender.png\" width=\"200\" height=\"83\"\/><\/span><\/figure><\/div>\n\n\n\n<h2 class=\"wp-block-heading\">A medieval Provencal village steeped in history<\/h2>\n\n\n\n<p data-block-type=\"core\">A stroll through the narrow streets of Cotignac reveals a rich historical heritage. Visit&nbsp;<strong>stone houses with colourful facades<\/strong>&nbsp;bear witness to the town's medieval past, while the remains of the ramparts and the&nbsp;<strong>watchtowers<\/strong>&nbsp;are a reminder of its strategic importance over the centuries.<\/p>\n\n\n\n<h3 class=\"wp-block-heading\">The caves and cliffs of Cotignac: a breathtaking natural spectacle<\/h3>\n\n\n\n<p data-block-type=\"core\">The impressive cliffs overlooking Cotignac never fail to amaze visitors. These unique geological formations are home to fascinating troglodyte caves, offering a glimpse into the region's ancient history. Fans of&nbsp;<strong>hiking&nbsp;<\/strong>will be delighted by the picturesque footpaths that wind their way through the&nbsp;<strong>vineyards and olive groves<\/strong>with breathtaking views over the surrounding valley.<\/p>\n\n\n\n<figure class=\"wp-block-image aligncenter size-full\" data-block-type=\"core\"><img loading=\"lazy\" decoding=\"async\" width=\"768\" height=\"1024\" src=\"https:\/\/auxvallons.fr\/wp-content\/uploads\/2024\/11\/Mobeye-Cotignac.jpg\" alt=\"\" class=\"wp-image-2961\" srcset=\"https:\/\/www.auxvallons.fr\/wp-content\/uploads\/2024\/11\/Mobeye-Cotignac.jpg 768w, https:\/\/www.auxvallons.fr\/wp-content\/uploads\/2024\/11\/Mobeye-Cotignac-225x300.jpg 225w, https:\/\/www.auxvallons.fr\/wp-content\/uploads\/2024\/11\/Mobeye-Cotignac-500x667.jpg 500w\" sizes=\"auto, (max-width: 768px) 100vw, 768px\" \/><\/figure>\n\n\n\n<h3 class=\"wp-block-heading\">Provencal gastronomy in the spotlight<\/h3>\n\n\n\n<p data-block-type=\"core\">Gastronomy has a special place in Cotignac, where local products and local&nbsp;<strong>traditional recipes<\/strong>&nbsp;will delight the most discerning palates. Don't miss the chance to taste the locally produced olive oil, the&nbsp;<strong>fresh goat's cheeses and the region's renowned wines<\/strong>&nbsp;from&nbsp;<a href=\"https:\/\/www.auxvallons.fr\/en\/the-verdon\/\">Verdon<\/a>. The weekly markets are packed with regional delicacies, offering an unforgettable sensory experience.<\/p>\n\n\n\n<h3 class=\"wp-block-heading\">Proven\u00e7al crafts and culture<\/h3>\n\n\n\n<p data-block-type=\"core\">Local artisans perpetuate ancestral traditions through their crafts, creating unique works imbued with the soul of Provence. Whether it's&nbsp;<strong>pottery, basketry<\/strong>&nbsp;or making natural cosmetics, each craft tells a story and offers a unique opportunity to take home a piece of Proven\u00e7al authenticity. Visit the&nbsp;<a href=\"https:\/\/www.auxvallons.fr\/en\/marches-de-provence\/\">markets in provence<\/a>&nbsp;!<\/p>\n\n\n\n<p data-block-type=\"core\">Discover also the&nbsp;<strong>Sanctuary of Notre-Dame de Gr\u00e2ces<\/strong>&nbsp;on the hill. For 500 years, pilgrims, especially families, have been welcomed in a prayerful, simple and fraternal atmosphere. They come in procession to find new life by receiving graces, sources of joy and fruitfulness.<\/p>\n\n\n\n<h2 class=\"wp-block-heading\">Events and Festivities: experience local life<\/h2>\n\n\n\n<p data-block-type=\"core\">Cotignac comes alive throughout the year with a variety of events and festivities celebrating local culture and traditions. From open-air music festivals and lively night markets to art exhibitions and theatre performances, there's always something to see and do in this vibrant village nestling in the heart of Provence Verte.<\/p>\n\n\n\n<p data-block-type=\"core\">Book your&nbsp;<a href=\"https:\/\/www.auxvallons.fr\/en\/rentals-verdon-83\/\">campsite rental<\/a><\/p>\n\n\n\n<p data-block-type=\"core\">Book your&nbsp;<a href=\"https:\/\/www.auxvallons.fr\/en\/locations\/\">location in Provence<\/a><\/p>\n\n\n\n<p style=\"font-size:0.6rem\" data-block-type=\"core\">Photo credit: Pierre Bona, CC BY-SA 3.0 , via Wikimedia Commons<br>Sandrine P., CC BY 4.0 , via Wikimedia Commons<\/p>\n\n\n\n<p data-block-type=\"core\"><em>camping in cotignac, rental in Cotignac<\/em><\/p>\n\n\n\n<div class=\"wp-block-stackable-button-group stk-block-button-group stk-block stk-p9i0hue\" data-block-id=\"p9i0hue\" data-block-type=\"core\"><div class=\"stk-row stk-inner-blocks stk-block-content stk-button-group\">\n<div class=\"wp-block-stackable-button stk-block-button has-text-align-center stk-block stk-vpg5xhp\" data-block-id=\"vpg5xhp\"><style>.stk-vpg5xhp {min-height:0px !important;margin-top:11px !important;}.stk-vpg5xhp .stk-button{min-height:64px !important;padding-right:28px !important;padding-left:28px !important;background:#e5e6d8 !important;border-top-left-radius:38px !important;border-top-right-radius:38px !important;border-bottom-right-radius:38px !important;border-bottom-left-radius:38px !important;}.stk-vpg5xhp .stk-button .stk--inner-svg svg:last-child{height:32px !important;width:32px !important;}.stk-vpg5xhp .stk-button .stk--inner-svg svg:last-child, .stk-vpg5xhp .stk-button .stk--inner-svg svg:last-child :is(g, path, rect, polygon, ellipse){fill:#535446 !important;}.stk-vpg5xhp .stk-button__inner-text{color:#535446 !important;text-transform:uppercase !important;font-family:\"Crete Round\", Sans-serif !important;}<\/style><a class=\"stk-link stk-button stk--hover-effect-lift\" href=\"\/en\/activities-in-verdon\/\"><span class=\"has-text-color stk-button__inner-text\">RETURN TO THE VILLAGES of Provence<\/span><span class=\"stk--svg-wrapper\"><div class=\"stk--inner-svg\"><svg xmlns=\"http:\/\/www.w3.org\/2000\/svg\" viewbox=\"0 0 512 512\" aria-hidden=\"true\" width=\"32\" height=\"32\"><path d=\"M512 256A256 256 0 1 0 0 256a256 256 0 1 0 512 0zM217.4 376.9L117.5 269.8c-3.5-3.8-5.5-8.7-5.5-13.8s2-10.1 5.5-13.8l99.9-107.1c4.2-4.5 10.1-7.1 16.3-7.1c12.3 0 22.3 10 22.3 22.3l0 57.7 96 0c17.7 0 32 14.3 32 32l0 32c0 17.7-14.3 32-32 32l-96 0 0 57.7c0 12.3-10 22.3-22.3 22.3c-6.2 0-12.1-2.6-16.3-7.1z\"><\/path><\/svg><\/div><\/span><\/a><\/div>\n<\/div><\/div>","protected":false},"excerpt":{"rendered":"<p>Cotignac : Le charme authentique d&rsquo;un village typique du var Cotignac est un joyau nich\u00e9 au c\u0153ur de la Provence, \u00e0 2 pas de votre camping en Provence, Ce village proven\u00e7al typique, attire les visiteurs du monde entier avec son charme pittoresque, ses ruelles pav\u00e9es et son ambiance envo\u00fbtante. Cette petite commune, proche de Sillans-la-cascade, [&hellip;]<\/p>\n","protected":false},"author":1,"featured_media":2962,"parent":0,"menu_order":0,"comment_status":"closed","ping_status":"closed","template":"","meta":{"_acf_changed":false,"_seopress_robots_primary_cat":"","_seopress_titles_title":"Cotignac- guide de visite","_seopress_titles_desc":"Visitez Cotignac et d\u00e9couvrez les richesse incroyables de ce magnifique village du Var aux magnifiques grottes troglodytes.","_seopress_robots_index":"","_vp_format_video_url":"","_vp_image_focal_point":[],"footnotes":""},"class_list":["post-364","page","type-page","status-publish","has-post-thumbnail","hentry"],"acf":[],"_links":{"self":[{"href":"https:\/\/www.auxvallons.fr\/en\/wp-json\/wp\/v2\/pages\/364","targetHints":{"allow":["GET"]}}],"collection":[{"href":"https:\/\/www.auxvallons.fr\/en\/wp-json\/wp\/v2\/pages"}],"about":[{"href":"https:\/\/www.auxvallons.fr\/en\/wp-json\/wp\/v2\/types\/page"}],"author":[{"embeddable":true,"href":"https:\/\/www.auxvallons.fr\/en\/wp-json\/wp\/v2\/users\/1"}],"replies":[{"embeddable":true,"href":"https:\/\/www.auxvallons.fr\/en\/wp-json\/wp\/v2\/comments?post=364"}],"version-history":[{"count":0,"href":"https:\/\/www.auxvallons.fr\/en\/wp-json\/wp\/v2\/pages\/364\/revisions"}],"wp:featuredmedia":[{"embeddable":true,"href":"https:\/\/www.auxvallons.fr\/en\/wp-json\/wp\/v2\/media\/2962"}],"wp:attachment":[{"href":"https:\/\/www.auxvallons.fr\/en\/wp-json\/wp\/v2\/media?parent=364"}],"curies":[{"name":"wp","href":"https:\/\/api.w.org\/{rel}","templated":true}]}}