{"id":336,"date":"2024-01-10T10:16:23","date_gmt":"2024-01-10T10:16:23","guid":{"rendered":"https:\/\/dev.vdtarn.fr\/?page_id=336"},"modified":"2025-03-18T08:49:31","modified_gmt":"2025-03-18T07:49:31","slug":"activities-in-verdon","status":"publish","type":"page","link":"https:\/\/www.auxvallons.fr\/en\/activites-en-verdon\/","title":{"rendered":"Town &amp; villages"},"content":{"rendered":"<div class=\"wp-block-group is-vertical is-layout-flex wp-container-core-group-is-layout-5ec664e8 wp-block-group-is-layout-flex\" style=\"padding-bottom:var(--wp--preset--spacing--50)\" data-block-type=\"core\">\n<h2 class=\"wp-block-heading\">Discover the towns and villages just a few minutes from your campsite<\/h2>\n\n\n\n<p data-block-type=\"core\">During your stay at&nbsp;<a href=\"https:\/\/www.auxvallons.fr\/en\/bauduen\/\">Bauduen<\/a>There are plenty of activities and outings to enjoy with family and friends at&nbsp;<a href=\"https:\/\/www.auxvallons.fr\/en\/\">camping Aux Vallons<\/a>. We offer you a selection of ideas for outings - visits, leisure, sporting or cultural activities in our beautiful region. Discover villages that are remarkable for their location, history and heritage, stroll through the narrow streets and admire the gentle Provencal way of life. Discover the treasures of Proven\u00e7al craftsmanship, not forgetting the gastronomic wealth of local produce on offer at local markets.<\/p>\n\n\n\n<p data-block-type=\"core\"><\/p>\n\n\n\n<h3 class=\"wp-block-heading\">The most beautiful villages in Verdon Provence<\/h3>\n<\/div>\n\n\n\n<div class=\"wp-block-stackable-columns stk-block-columns stk-block stk-5404acf\" data-block-id=\"5404acf\"><div class=\"stk-row stk-inner-blocks stk-block-content stk-content-align stk-5404acf-column\">\n<div class=\"wp-block-stackable-column stk-block-column stk-column stk-block stk-95a0c81\" data-v=\"4\" data-block-id=\"95a0c81\"><style>@media screen and (min-width: 768px){.stk-95a0c81 {flex:var(--stk-flex-grow, 1) 1 calc(33.333% - var(--stk-column-gap, 0px) * 1 \/ 2 ) !important;}}<\/style><div class=\"stk-column-wrapper stk-block-column__content stk-container stk-95a0c81-container stk--no-background stk--no-padding\"><div class=\"stk-block-content stk-inner-blocks stk-95a0c81-inner-blocks\">\n<div class=\"wp-block-ouestcom-encart\"><a href=\"\/en\/bauduen\/\"><img decoding=\"async\" src=\"https:\/\/auxvallons.fr\/wp-content\/uploads\/2025\/02\/BAUDUEN.jpg\" alt=\"\"\/><div class=\"wp-block-ouestcom-encart-content\"><div class=\"encart-inner-content\">\n<p class=\"has-base-color has-text-color has-link-color has-montez-font-family wp-elements-12c5bca5d7fb162b1cb91f56877537c7\" style=\"font-size:clamp(1.25rem, 1.25rem + ((1vw - 0.2rem) * 1.364), 2rem);\" data-block-type=\"core\">Bauduen, camping village<\/p>\n<\/div><div class=\"btn btn-default btn-encart\">Discover<\/div><\/div><\/a><\/div>\n<\/div><\/div><\/div>\n\n\n\n<div class=\"wp-block-stackable-column stk-block-column stk-column stk-block stk-15c6a58\" data-v=\"4\" data-block-id=\"15c6a58\"><style>@media screen and (min-width: 768px){.stk-15c6a58 {flex:var(--stk-flex-grow, 1) 1 calc(66.667% - var(--stk-column-gap, 0px) * 1 \/ 2 ) !important;}}<\/style><div class=\"stk-column-wrapper stk-block-column__content stk-container stk-15c6a58-container stk--no-background stk--no-padding\"><div class=\"stk-block-content stk-inner-blocks stk-15c6a58-inner-blocks\">\n<div class=\"wp-block-ouestcom-encart\"><a href=\"\/en\/moustiers-sainte-marie\/\"><img decoding=\"async\" src=\"https:\/\/auxvallons.fr\/wp-content\/uploads\/2024\/11\/Moustiers-Sainte-Marie.jpg\" alt=\"\"\/><div class=\"wp-block-ouestcom-encart-content\"><div class=\"encart-inner-content\">\n<p class=\"has-base-color has-text-color has-link-color has-montez-font-family wp-elements-ccaa0188f3b541743a60ce9cfc88ab19\" style=\"font-size:clamp(1.25rem, 1.25rem + ((1vw - 0.2rem) * 1.364), 2rem);\" data-block-type=\"core\">Mousriers-Sainte-Marie<\/p>\n<\/div><div class=\"btn btn-default btn-encart\">Discover<\/div><\/div><\/a><\/div>\n<\/div><\/div><\/div>\n<\/div><\/div>\n\n\n\n<div class=\"wp-block-stackable-columns stk-block-columns stk-block stk-ada7489\" data-block-id=\"ada7489\"><div class=\"stk-row stk-inner-blocks stk-block-content stk-content-align stk-ada7489-column\">\n<div class=\"wp-block-stackable-column stk-block-column stk-column stk-block stk-fc1257f\" data-v=\"4\" data-block-id=\"fc1257f\"><style>@media screen and (min-width: 768px){.stk-fc1257f {flex:var(--stk-flex-grow, 1) 1 calc(66.666% - var(--stk-column-gap, 0px) * 1 \/ 2 ) !important;}}<\/style><div class=\"stk-column-wrapper stk-block-column__content stk-container stk-fc1257f-container stk--no-background stk--no-padding\"><div class=\"stk-block-content stk-inner-blocks stk-fc1257f-inner-blocks\">\n<div class=\"wp-block-ouestcom-encart\"><a href=\"\/en\/villecroze\/\"><img decoding=\"async\" src=\"https:\/\/auxvallons.fr\/wp-content\/uploads\/2025\/02\/Villecroze-village-probvencal.jpg\" alt=\"\"\/><div class=\"wp-block-ouestcom-encart-content\"><div class=\"encart-inner-content\">\n<p class=\"has-base-color has-text-color has-link-color has-montez-font-family wp-elements-d4388a2d4883183ab0694301d97bf756\" style=\"font-size:clamp(1.25rem, 1.25rem + ((1vw - 0.2rem) * 1.364), 2rem);\" data-block-type=\"core\">Villecroze<\/p>\n<\/div><div class=\"btn btn-default btn-encart\">Discover<\/div><\/div><\/a><\/div>\n<\/div><\/div><\/div>\n\n\n\n<div class=\"wp-block-stackable-column stk-block-column stk-column stk-block stk-d55c483\" data-v=\"4\" data-block-id=\"d55c483\"><style>@media screen and (min-width: 768px){.stk-d55c483 {flex:var(--stk-flex-grow, 1) 1 calc(33.334% - var(--stk-column-gap, 0px) * 1 \/ 2 ) !important;}}<\/style><div class=\"stk-column-wrapper stk-block-column__content stk-container stk-d55c483-container stk--no-background stk--no-padding\"><div class=\"stk-block-content stk-inner-blocks stk-d55c483-inner-blocks\">\n<div class=\"wp-block-ouestcom-encart\"><a href=\"\/en\/gorges-de-baudinard\/\"><img decoding=\"async\" src=\"https:\/\/auxvallons.fr\/wp-content\/uploads\/2025\/02\/gorges-baudinard.jpg\" alt=\"\"\/><div class=\"wp-block-ouestcom-encart-content\"><div class=\"encart-inner-content\">\n<p class=\"has-base-color has-text-color has-link-color has-montez-font-family wp-elements-30db122c23af070ff7cd624b2fee279d\" style=\"font-size:clamp(1.25rem, 1.25rem + ((1vw - 0.2rem) * 1.364), 2rem);\" data-block-type=\"core\">The Gorges de Baudinard<\/p>\n<\/div><div class=\"btn btn-default btn-encart\">Discover<\/div><\/div><\/a><\/div>\n<\/div><\/div><\/div>\n<\/div><\/div>\n\n\n\n<div class=\"wp-block-stackable-columns stk-block-columns stk-block stk-236337f\" data-block-id=\"236337f\"><div class=\"stk-row stk-inner-blocks stk-block-content stk-content-align stk-236337f-column\">\n<div class=\"wp-block-stackable-column stk-block-column stk-column stk-block stk-178db58\" data-v=\"4\" data-block-id=\"178db58\"><div class=\"stk-column-wrapper stk-block-column__content stk-container stk-178db58-container stk--no-background stk--no-padding\"><div class=\"stk-block-content stk-inner-blocks stk-178db58-inner-blocks\"><\/div><\/div><\/div>\n<\/div><\/div>\n\n\n\n<div class=\"wp-block-stackable-columns stk-block-columns stk-block stk-7c52408\" data-block-id=\"7c52408\"><div class=\"stk-row stk-inner-blocks stk-block-content stk-content-align stk-7c52408-column\">\n<div class=\"wp-block-stackable-column stk-block-column stk-column stk-block stk-a31451f\" data-v=\"4\" data-block-id=\"a31451f\"><style>@media screen and (min-width: 768px){.stk-a31451f {flex:var(--stk-flex-grow, 1) 1 calc(33.333% - var(--stk-column-gap, 0px) * 1 \/ 2 ) !important;}}<\/style><div class=\"stk-column-wrapper stk-block-column__content stk-container stk-a31451f-container stk--no-background stk--no-padding\"><div class=\"stk-block-content stk-inner-blocks stk-a31451f-inner-blocks\">\n<div class=\"wp-block-ouestcom-encart\"><a href=\"\/en\/tourtour\/\"><img decoding=\"async\" src=\"https:\/\/auxvallons.fr\/wp-content\/uploads\/2024\/11\/TOURTOUR-var.jpg\" alt=\"\"\/><div class=\"wp-block-ouestcom-encart-content\"><div class=\"encart-inner-content\">\n<p class=\"has-base-color has-text-color has-link-color has-montez-font-family wp-elements-9fa9a703942b07bab4fa7588721ff170\" style=\"font-size:clamp(1.25rem, 1.25rem + ((1vw - 0.2rem) * 1.364), 2rem);\" data-block-type=\"core\">Tourtour<\/p>\n<\/div><div class=\"btn btn-default btn-encart\">Discover<\/div><\/div><\/a><\/div>\n<\/div><\/div><\/div>\n\n\n\n<div class=\"wp-block-stackable-column stk-block-column stk-column stk-block stk-48ba6df\" data-v=\"4\" data-block-id=\"48ba6df\"><style>@media screen and (min-width: 768px){.stk-48ba6df {flex:var(--stk-flex-grow, 1) 1 calc(66.667% - var(--stk-column-gap, 0px) * 1 \/ 2 ) !important;}}<\/style><div class=\"stk-column-wrapper stk-block-column__content stk-container stk-48ba6df-container stk--no-background stk--no-padding\"><div class=\"stk-block-content stk-inner-blocks stk-48ba6df-inner-blocks\">\n<div class=\"wp-block-ouestcom-encart\"><a href=\"\/en\/cotignac\/\"><img decoding=\"async\" src=\"https:\/\/auxvallons.fr\/wp-content\/uploads\/2024\/11\/Cotignac.jpg\" alt=\"\"\/><div class=\"wp-block-ouestcom-encart-content\"><div class=\"encart-inner-content\">\n<p class=\"has-base-color has-text-color has-link-color has-montez-font-family wp-elements-f39681d473519054b1cd96e7e034dbad\" style=\"font-size:clamp(1.25rem, 1.25rem + ((1vw - 0.2rem) * 1.364), 2rem);\" data-block-type=\"core\">Cotignac<\/p>\n<\/div><div class=\"btn btn-default btn-encart\">Discover<\/div><\/div><\/a><\/div>\n<\/div><\/div><\/div>\n<\/div><\/div>\n\n\n\n<div class=\"wp-block-stackable-divider stk-block-divider stk-block stk-2e6dee3\" data-block-id=\"2e6dee3\"><hr class=\"stk-block-divider__hr\"\/><\/div>\n\n\n\n<div class=\"wp-block-stackable-image stk-block-image stk-block stk-1d987b1 stk-entrance\" data-block-id=\"1d987b1\"><style>.stk-1d987b1 .stk-img-figcaption{text-align:center !important;}.stk-1d987b1 {border-top-left-radius:10px !important;border-top-right-radius:10px !important;border-bottom-right-radius:10px !important;border-bottom-left-radius:10px !important;overflow:hidden !important;box-shadow:0 5px 5px 0 #123f5209 !important;margin-bottom:20px !important;transition-timing-function:ease-in !important;--entrance-transform:scale(0.8) rotate(-5.2deg) !important;}<\/style><figure><a class=\"stk-link\" href=\"https:\/\/www.lacs-gorges-verdon.fr\/medias\/pdf\/carte-verdon.pdf\" target=\"_blank\" rel=\"noreferrer noopener\"><span class=\"stk-img-wrapper stk-image--shape-stretch\"><img loading=\"lazy\" decoding=\"async\" class=\"stk-img wp-image-3168\" src=\"https:\/\/auxvallons.fr\/wp-content\/uploads\/2025\/01\/carte-verdon-map.jpg\" width=\"1400\" height=\"260\" alt=\"Map of the Verdon Regional Nature Park\" srcset=\"https:\/\/www.auxvallons.fr\/wp-content\/uploads\/2025\/01\/carte-verdon-map.jpg 1400w, https:\/\/www.auxvallons.fr\/wp-content\/uploads\/2025\/01\/carte-verdon-map-300x56.jpg 300w, https:\/\/www.auxvallons.fr\/wp-content\/uploads\/2025\/01\/carte-verdon-map-1024x190.jpg 1024w, https:\/\/www.auxvallons.fr\/wp-content\/uploads\/2025\/01\/carte-verdon-map-768x143.jpg 768w, https:\/\/www.auxvallons.fr\/wp-content\/uploads\/2025\/01\/carte-verdon-map-500x93.jpg 500w, https:\/\/www.auxvallons.fr\/wp-content\/uploads\/2025\/01\/carte-verdon-map-800x149.jpg 800w, https:\/\/www.auxvallons.fr\/wp-content\/uploads\/2025\/01\/carte-verdon-map-1280x238.jpg 1280w\" sizes=\"auto, (max-width: 1400px) 100vw, 1400px\" \/><\/span><\/a><figcaption class=\"stk-img-figcaption\">DOWNLOAD THE VERDON MAP<\/figcaption><\/figure><\/div>\n\n\n\n<div class=\"wp-block-stackable-divider stk-block-divider stk-block stk-6h7xpbo\" data-block-id=\"6h7xpbo\"><hr class=\"stk-block-divider__hr\"\/><\/div>\n\n\n\n<div class=\"wp-block-stackable-columns stk-block-columns stk-block stk-42994f3\" data-block-id=\"42994f3\"><div class=\"stk-row stk-inner-blocks stk-block-content stk-content-align stk-42994f3-column\">\n<div class=\"wp-block-stackable-column stk-block-column stk-column stk-block stk-a8646c5\" data-v=\"4\" data-block-id=\"a8646c5\"><style>@media screen and (min-width: 768px){.stk-a8646c5 {flex:var(--stk-flex-grow, 1) 1 calc(66.666% - var(--stk-column-gap, 0px) * 1 \/ 2 ) !important;}}<\/style><div class=\"stk-column-wrapper stk-block-column__content stk-container stk-a8646c5-container stk--no-background stk--no-padding\"><div class=\"stk-block-content stk-inner-blocks stk-a8646c5-inner-blocks\">\n<div class=\"wp-block-ouestcom-encart\"><a href=\"\/en\/aiguines\/\"><img decoding=\"async\" src=\"https:\/\/auxvallons.fr\/wp-content\/uploads\/2024\/11\/Aiguines.jpg\" alt=\"\"\/><div class=\"wp-block-ouestcom-encart-content\"><div class=\"encart-inner-content\">\n<p class=\"has-base-color has-text-color has-link-color has-montez-font-family wp-elements-361a9fe194db1df195e363b4a87063c3\" style=\"font-size:clamp(1.25rem, 1.25rem + ((1vw - 0.2rem) * 1.364), 2rem);\" data-block-type=\"core\">Aiguines<\/p>\n<\/div><div class=\"btn btn-default btn-encart\">Discover<\/div><\/div><\/a><\/div>\n<\/div><\/div><\/div>\n\n\n\n<div class=\"wp-block-stackable-column stk-block-column stk-column stk-block stk-b2f5639\" data-v=\"4\" data-block-id=\"b2f5639\"><style>@media screen and (min-width: 768px){.stk-b2f5639 {flex:var(--stk-flex-grow, 1) 1 calc(33.334% - var(--stk-column-gap, 0px) * 1 \/ 2 ) !important;}}<\/style><div class=\"stk-column-wrapper stk-block-column__content stk-container stk-b2f5639-container stk--no-background stk--no-padding\"><div class=\"stk-block-content stk-inner-blocks stk-b2f5639-inner-blocks\">\n<div class=\"wp-block-ouestcom-encart\"><a href=\"\/en\/salernes-in-the-var\/\"><img decoding=\"async\" src=\"https:\/\/auxvallons.fr\/wp-content\/uploads\/2024\/11\/Salernes_-_Rue_1-639x1024-1.jpg\" alt=\"\"\/><div class=\"wp-block-ouestcom-encart-content\"><div class=\"encart-inner-content\">\n<p class=\"has-base-color has-text-color has-link-color has-montez-font-family wp-elements-6052b941e6758d5e15edc459c2a5b32f\" style=\"font-size:clamp(1.25rem, 1.25rem + ((1vw - 0.2rem) * 1.364), 2rem);\" data-block-type=\"core\">Salernes in the Var<\/p>\n<\/div><div class=\"btn btn-default btn-encart\">Discover<\/div><\/div><\/a><\/div>\n<\/div><\/div><\/div>\n<\/div><\/div>\n\n\n\n<div class=\"wp-block-stackable-columns stk-block-columns stk-block stk-2adfc5c\" data-block-id=\"2adfc5c\"><div class=\"stk-row stk-inner-blocks stk-block-content stk-content-align stk-2adfc5c-column\">\n<div class=\"wp-block-stackable-column stk-block-column stk-column stk-block stk-a8b5e13\" data-v=\"4\" data-block-id=\"a8b5e13\"><style>@media screen and (min-width: 768px){.stk-a8b5e13 {flex:var(--stk-flex-grow, 1) 1 calc(33.333% - var(--stk-column-gap, 0px) * 1 \/ 2 ) !important;}}<\/style><div class=\"stk-column-wrapper stk-block-column__content stk-container stk-a8b5e13-container stk--no-background stk--no-padding\"><div class=\"stk-block-content stk-inner-blocks stk-a8b5e13-inner-blocks\">\n<div class=\"wp-block-ouestcom-encart\"><a href=\"\/en\/the-village-of-regusse\/\"><img decoding=\"async\" src=\"https:\/\/auxvallons.fr\/wp-content\/uploads\/2025\/01\/Regusse_Moulins_a_vent-768x576-1.jpg\" alt=\"\"\/><div class=\"wp-block-ouestcom-encart-content\"><div class=\"encart-inner-content\">\n<p class=\"has-base-color has-text-color has-link-color has-montez-font-family wp-elements-37cccf49da111943e46e7e7e36dde97e\" style=\"font-size:clamp(1.25rem, 1.25rem + ((1vw - 0.2rem) * 1.364), 2rem);\" data-block-type=\"core\">Village of Regusse<\/p>\n<\/div><div class=\"btn btn-default btn-encart\">Discover<\/div><\/div><\/a><\/div>\n<\/div><\/div><\/div>\n\n\n\n<div class=\"wp-block-stackable-column stk-block-column stk-column stk-block stk-f0a484b\" data-v=\"4\" data-block-id=\"f0a484b\"><style>@media screen and (min-width: 768px){.stk-f0a484b {flex:var(--stk-flex-grow, 1) 1 calc(66.667% - var(--stk-column-gap, 0px) * 1 \/ 2 ) !important;}}<\/style><div class=\"stk-column-wrapper stk-block-column__content stk-container stk-f0a484b-container stk--no-background stk--no-padding\"><div class=\"stk-block-content stk-inner-blocks stk-f0a484b-inner-blocks\">\n<div class=\"wp-block-ouestcom-encart\"><a href=\"\/en\/sillans-la-cascade\/\"><img decoding=\"async\" src=\"https:\/\/auxvallons.fr\/wp-content\/uploads\/2024\/11\/camping-aux-vallons-sillans-cascade.jpg\" alt=\"\"\/><div class=\"wp-block-ouestcom-encart-content\"><div class=\"encart-inner-content\">\n<p class=\"has-base-color has-text-color has-link-color has-montez-font-family wp-elements-a936b99e51485de9c90760074a2cb89b\" style=\"font-size:clamp(1.25rem, 1.25rem + ((1vw - 0.2rem) * 1.364), 2rem);\" data-block-type=\"core\">Sillans-la-Cascade<\/p>\n<\/div><div class=\"btn btn-default btn-encart\">Discover<\/div><\/div><\/a><\/div>\n<\/div><\/div><\/div>\n<\/div><\/div>\n\n\n\n<div class=\"wp-block-stackable-columns stk-block-columns stk-block stk-3d3a47a\" data-block-id=\"3d3a47a\"><div class=\"stk-row stk-inner-blocks stk-block-content stk-content-align stk-3d3a47a-column\">\n<div class=\"wp-block-stackable-column stk-block-column stk-column stk-block stk-c37a1c7\" data-v=\"4\" data-block-id=\"c37a1c7\"><style>@media screen and (min-width: 768px){.stk-c37a1c7 {flex:var(--stk-flex-grow, 1) 1 calc(66.666% - var(--stk-column-gap, 0px) * 1 \/ 2 ) !important;}}<\/style><div class=\"stk-column-wrapper stk-block-column__content stk-container stk-c37a1c7-container stk--no-background stk--no-padding\"><div class=\"stk-block-content stk-inner-blocks stk-c37a1c7-inner-blocks\">\n<div class=\"wp-block-ouestcom-encart\"><a href=\"\/en\/the-route-des-cretes\/\"><img decoding=\"async\" src=\"https:\/\/auxvallons.fr\/wp-content\/uploads\/2025\/02\/canyon-route-cretes-var.jpg\" alt=\"\"\/><div class=\"wp-block-ouestcom-encart-content\"><div class=\"encart-inner-content\">\n<p class=\"has-base-color has-text-color has-link-color has-montez-font-family wp-elements-9419315d76aed199c9805c7ffdc3f278\" style=\"font-size:clamp(1.25rem, 1.25rem + ((1vw - 0.2rem) * 1.364), 2rem);\" data-block-type=\"core\">The Route des Cr\u00eates<\/p>\n<\/div><div class=\"btn btn-default btn-encart\">Discover<\/div><\/div><\/a><\/div>\n<\/div><\/div><\/div>\n\n\n\n<div class=\"wp-block-stackable-column stk-block-column stk-column stk-block stk-cd45e08\" data-v=\"4\" data-block-id=\"cd45e08\"><style>@media screen and (min-width: 768px){.stk-cd45e08 {flex:var(--stk-flex-grow, 1) 1 calc(33.334% - var(--stk-column-gap, 0px) * 1 \/ 2 ) !important;}}<\/style><div class=\"stk-column-wrapper stk-block-column__content stk-container stk-cd45e08-container stk--no-background stk--no-padding\"><div class=\"stk-block-content stk-inner-blocks stk-cd45e08-inner-blocks\">\n<div class=\"wp-block-ouestcom-encart\"><a href=\"\/en\/the-galetas-bridge\/\"><img decoding=\"async\" src=\"https:\/\/auxvallons.fr\/wp-content\/uploads\/2025\/02\/le-pont-de-galetas.jpg\" alt=\"\"\/><div class=\"wp-block-ouestcom-encart-content\"><div class=\"encart-inner-content\">\n<p class=\"has-base-color has-text-color has-link-color has-montez-font-family wp-elements-6e19a182469abf49aa7cb9b8fb0a77e5\" style=\"font-size:clamp(1.25rem, 1.25rem + ((1vw - 0.2rem) * 1.364), 2rem);\" data-block-type=\"core\">The Galetas Bridge<\/p>\n<\/div><div class=\"btn btn-default btn-encart\">Discover<\/div><\/div><\/a><\/div>\n<\/div><\/div><\/div>\n<\/div><\/div>\n\n\n\n<div class=\"wp-block-stackable-columns stk-block-columns stk-block stk-3c5c288\" data-block-id=\"3c5c288\"><div class=\"stk-row stk-inner-blocks stk-block-content stk-content-align stk-3c5c288-column\">\n<div class=\"wp-block-stackable-column stk-block-column stk-column stk-block stk-201a725\" data-v=\"4\" data-block-id=\"201a725\"><style>@media screen and (min-width: 768px){.stk-201a725 {flex:var(--stk-flex-grow, 1) 1 calc(33.333% - var(--stk-column-gap, 0px) * 1 \/ 2 ) !important;}}<\/style><div class=\"stk-column-wrapper stk-block-column__content stk-container stk-201a725-container stk--no-background stk--no-padding\"><div class=\"stk-block-content stk-inner-blocks stk-201a725-inner-blocks\">\n<div class=\"wp-block-ouestcom-encart\"><a href=\"\/en\/escapade-at-chateau-dentrecasteaux\/\"><img decoding=\"async\" src=\"https:\/\/auxvallons.fr\/wp-content\/uploads\/2024\/11\/Camping-aux-vallons-Entrecasteaux_chateau-scaled.jpg\" alt=\"\"\/><div class=\"wp-block-ouestcom-encart-content\"><div class=\"encart-inner-content\">\n<p class=\"has-base-color has-text-color has-link-color has-montez-font-family wp-elements-32d23f6e7bacf905262614a9da40317f\" style=\"font-size:clamp(1.25rem, 1.25rem + ((1vw - 0.2rem) * 1.364), 2rem);\" data-block-type=\"core\">Escapade at Ch\u00e2teau d'Entrecasteaux<\/p>\n<\/div><div class=\"btn btn-default btn-encart\">Discover<\/div><\/div><\/a><\/div>\n<\/div><\/div><\/div>\n\n\n\n<div class=\"wp-block-stackable-column stk-block-column stk-column stk-block stk-7c87af2\" data-v=\"4\" data-block-id=\"7c87af2\"><style>@media screen and (min-width: 768px){.stk-7c87af2 {flex:var(--stk-flex-grow, 1) 1 calc(66.667% - var(--stk-column-gap, 0px) * 1 \/ 2 ) !important;}}<\/style><div class=\"stk-column-wrapper stk-block-column__content stk-container stk-7c87af2-container stk--no-background stk--no-padding\"><div class=\"stk-block-content stk-inner-blocks stk-7c87af2-inner-blocks\">\n<div class=\"wp-block-ouestcom-encart\"><a href=\"\/en\/the-valensole-plateau\/\"><img decoding=\"async\" src=\"https:\/\/auxvallons.fr\/wp-content\/uploads\/2024\/09\/plateau-de-Valensole.jpg\" alt=\"\"\/><div class=\"wp-block-ouestcom-encart-content\"><div class=\"encart-inner-content\">\n<p class=\"has-base-color has-text-color has-link-color has-montez-font-family wp-elements-7b87ce5296dfb17e267fc680bd5fdc90\" style=\"font-size:clamp(1.25rem, 1.25rem + ((1vw - 0.2rem) * 1.364), 2rem);\" data-block-type=\"core\">Valensole plateau<\/p>\n<\/div><div class=\"btn btn-default btn-encart\">Discover<\/div><\/div><\/a><\/div>\n<\/div><\/div><\/div>\n<\/div><\/div>\n\n\n\n<div class=\"wp-block-stackable-image aligncenter stk-block-image has-text-align-center stk-block stk-3212770\" data-block-id=\"3212770\"><style>.stk-3212770 {align-items:center !important;max-width:150px !important;min-width:auto !important;margin-top:30px !important;margin-right:auto !important;margin-bottom:30px !important;margin-left:auto !important;display:flex !important;}<\/style><figure><span class=\"stk-img-wrapper stk-image--shape-stretch\"><img loading=\"lazy\" decoding=\"async\" class=\"stk-img wp-image-311\" src=\"https:\/\/auxvallons.fr\/wp-content\/uploads\/2024\/01\/lavender.png\" width=\"200\" height=\"83\"\/><\/span><\/figure><\/div>\n\n\n\n<h2 class=\"wp-block-heading\">Sports activities in the Verdon<\/h2>\n\n\n\n<div class=\"wp-block-stackable-columns stk-block-columns stk-block stk-b04df18\" data-block-id=\"b04df18\"><div class=\"stk-row stk-inner-blocks stk-block-content stk-content-align stk-b04df18-column\">\n<div class=\"wp-block-stackable-column stk-block-column stk-column stk-block stk-1a9e40f\" data-v=\"4\" data-block-id=\"1a9e40f\"><div class=\"stk-column-wrapper stk-block-column__content stk-container stk-1a9e40f-container stk--no-background stk--no-padding\"><div class=\"stk-block-content stk-inner-blocks stk-1a9e40f-inner-blocks\">\n<h3 class=\"wp-block-heading\">Walking tours<\/h3>\n\n\n\n<p data-block-type=\"core\">There are many walks and hikes available from your campsite in Bauduen. We'll be happy to tell you about the various walks and hikes available, depending on the level and age of the participants. Here is an overview. <a href=\"https:\/\/www.auxvallons.fr\/en\/gorges-verdon-hike\/\" data-type=\"page\" data-id=\"4098\">Go to the walks page here<\/a>.<\/p>\n\n\n\n<p data-block-type=\"core\">- <a href=\"https:\/\/www.auxvallons.fr\/en\/2025\/02\/26\/le-sentier-blanc-martel\/\" data-type=\"post\" data-id=\"4051\">The Blanc- Martel trail<\/a><br>- The Imbut trail (closed to the public for the time being)<br>- The Vidal trail<br><a href=\"https:\/\/www.auxvallons.fr\/en\/2025\/02\/26\/le-sentier-du-bastidon-gorges-du-verdon\/\" data-type=\"post\" data-id=\"4094\">- The Bastidon trail<\/a><br>- The Baudinard chapel<\/p>\n<\/div><\/div><\/div>\n\n\n\n<div class=\"wp-block-stackable-column stk-block-column stk-column stk-block stk-160f3da\" data-v=\"4\" data-block-id=\"160f3da\"><div class=\"stk-column-wrapper stk-block-column__content stk-container stk-160f3da-container stk--no-background stk--no-padding\"><div class=\"stk-block-content stk-inner-blocks stk-160f3da-inner-blocks\">\n<h3 class=\"wp-block-heading\">Sports activities<\/h3>\n\n\n\n<p data-block-type=\"core\">- Discover Haute Provence with a local guide<br>- Family canoe trip during the day and at sunset<br>- Canyoning, climbing, via-ferrata (Gorges du Verdon)<br>- Canyoning, adventure courses, aqua trekking and climbing (Gorges du Verdon)<br>- Water sports on Lac de Sainte Croix<br>- Bungee jumping and parachute jumping<br>- Horse riding<br>- Fishing in the Verdon<\/p>\n<\/div><\/div><\/div>\n<\/div><\/div>\n\n\n\n<p data-block-type=\"core\">Book your <a href=\"https:\/\/www.auxvallons.fr\/en\/rentals-verdon-83\/\" data-type=\"page\" data-id=\"2881\">rental in Verdon<\/a><\/p>\n\n\n\n<p data-block-type=\"core\">Book your <a href=\"\/en\/locations\/\">camping pitch in Bauduen on the shores of Lac de Sainte Croix<\/a><\/p>","protected":false},"excerpt":{"rendered":"<p>D\u00e9couvrez les villes &amp; villages \u00e0 quelques minutes de votre camping Durant votre s\u00e9jour \u00e0&nbsp;Bauduen, vous aurez une multitude d\u2019activit\u00e9s et sorties \u00e0 faire en famille ou entre amis au&nbsp;camping Aux Vallons. Nous vous proposons une s\u00e9lection d\u2019id\u00e9es sorties \u2013 visites, activit\u00e9s ludiques, sportives ou culturelles dans notre belle r\u00e9gion. D\u00e9couvrez des villages remarquables par [&hellip;]<\/p>\n","protected":false},"author":1,"featured_media":2651,"parent":0,"menu_order":0,"comment_status":"closed","ping_status":"closed","template":"","meta":{"_acf_changed":false,"_seopress_robots_primary_cat":"","_seopress_titles_title":"C\u00f4t\u00e9 ville & villages \u00e0 quelques minutes du camping","_seopress_titles_desc":"D\u00e9couvrez les villes & villages se trouvant \u00e0 proximit\u00e9 du camping. Des villages de charme au coeur de la nature.","_seopress_robots_index":"","_vp_format_video_url":"","_vp_image_focal_point":[],"footnotes":""},"class_list":["post-336","page","type-page","status-publish","has-post-thumbnail","hentry"],"acf":[],"_links":{"self":[{"href":"https:\/\/www.auxvallons.fr\/en\/wp-json\/wp\/v2\/pages\/336","targetHints":{"allow":["GET"]}}],"collection":[{"href":"https:\/\/www.auxvallons.fr\/en\/wp-json\/wp\/v2\/pages"}],"about":[{"href":"https:\/\/www.auxvallons.fr\/en\/wp-json\/wp\/v2\/types\/page"}],"author":[{"embeddable":true,"href":"https:\/\/www.auxvallons.fr\/en\/wp-json\/wp\/v2\/users\/1"}],"replies":[{"embeddable":true,"href":"https:\/\/www.auxvallons.fr\/en\/wp-json\/wp\/v2\/comments?post=336"}],"version-history":[{"count":0,"href":"https:\/\/www.auxvallons.fr\/en\/wp-json\/wp\/v2\/pages\/336\/revisions"}],"wp:featuredmedia":[{"embeddable":true,"href":"https:\/\/www.auxvallons.fr\/en\/wp-json\/wp\/v2\/media\/2651"}],"wp:attachment":[{"href":"https:\/\/www.auxvallons.fr\/en\/wp-json\/wp\/v2\/media?parent=336"}],"curies":[{"name":"wp","href":"https:\/\/api.w.org\/{rel}","templated":true}]}}