{"id":2992,"date":"2024-11-28T08:37:22","date_gmt":"2024-11-28T07:37:22","guid":{"rendered":"https:\/\/auxvallons.fr\/?page_id=2992"},"modified":"2025-02-17T18:25:52","modified_gmt":"2025-02-17T17:25:52","slug":"salernes-in-the-var","status":"publish","type":"page","link":"https:\/\/www.auxvallons.fr\/en\/salernes-dans-le-var\/","title":{"rendered":"Salernes"},"content":{"rendered":"\n<div class=\"wp-block-group is-vertical is-layout-flex wp-container-core-group-is-layout-5ec664e8 wp-block-group-is-layout-flex\" style=\"padding-bottom:var(--wp--preset--spacing--50)\" data-block-type=\"core\">\n<h2 class=\"wp-block-heading\"><strong>Un authentique village du Var<\/strong><\/h2>\n<\/div>\n\n\n\n<div class=\"wp-block-columns alignwide is-layout-flex wp-container-core-columns-is-layout-c617dbaa wp-block-columns-is-layout-flex\" style=\"padding-top:var(--wp--preset--spacing--40);padding-bottom:var(--wp--preset--spacing--40)\" data-block-type=\"core\">\n<div class=\"wp-block-column is-vertically-aligned-center is-layout-flow wp-block-column-is-layout-flow\" style=\"flex-basis:33.38%\" data-block-type=\"core\">\n<h3 class=\"wp-block-heading has-small-font-size\">Salernes, le village aux tomettes<\/h3>\n\n\n\n<p data-block-type=\"core\">\u00c0 25 kms du&nbsp;<a href=\"https:\/\/www.auxvallons.fr\/emplacements\/\">camping<\/a>&nbsp;\u00ab&nbsp;aux vallons&nbsp;\u00bb \u00e0&nbsp;<a href=\"https:\/\/www.auxvallons.fr\/bauduen\/\">Bauduen<\/a>, le village de Salernes vous attend pour une agr\u00e9able visite. Ce petit bourg, village d\u2019artisans a su garder tout au long de son histoire, le savoir-faire de l\u2019industrie de la c\u00e9ramique.<\/p>\n\n\n\n<p class=\"has-small-font-size\" data-block-type=\"core\">En effet les hommes du n\u00e9olithique ont laiss\u00e9 de nombreux vestiges de leur art dans les grottes du territoire salernois dont celle de Fontbr\u00e9goua (occup\u00e9e depuis 12000 ans avant JC). Ces poteries comptant pour les plus anciennes d\u2019Europe occidentale datent de plus de 7000 ans.<\/p>\n\n\n\n<p class=\"has-small-font-size\" data-block-type=\"core\"><\/p>\n<\/div>\n\n\n\n<div class=\"wp-block-column is-layout-flow wp-block-column-is-layout-flow\" style=\"flex-basis:33%\" data-block-type=\"core\">\n<div style=\"height:2vw\" aria-hidden=\"true\" class=\"wp-block-spacer\" data-block-type=\"core\"><\/div>\n\n\n\n<div class=\"wp-block-stackable-image stk-block-image has-text-align-left stk-block stk-b55591f\" data-block-id=\"b55591f\"><style>.stk-b55591f {border-top-left-radius:0px !important;border-top-right-radius:0px !important;border-bottom-right-radius:0px !important;border-bottom-left-radius:0px !important;overflow:hidden !important;box-shadow:15px 25px 58px 0px #00000080 !important;}.stk-b55591f .stk-img-wrapper{width:100% !important;height:500px !important;}.stk-b55591f .stk-img-wrapper img{border-radius:0px !important;}<\/style><figure><span class=\"stk-img-wrapper stk-image--shape-stretch\"><img loading=\"lazy\" decoding=\"async\" class=\"stk-img wp-image-2997\" src=\"https:\/\/auxvallons.fr\/wp-content\/uploads\/2024\/11\/Salernes_-_Rue_1-639x1024-1.jpg\" width=\"639\" height=\"1024\" alt=\"Aiguines, village proven\u00e7al pr\u00e8s de Bauduen dans les gorges du Verdon\" srcset=\"https:\/\/www.auxvallons.fr\/wp-content\/uploads\/2024\/11\/Salernes_-_Rue_1-639x1024-1.jpg 639w, https:\/\/www.auxvallons.fr\/wp-content\/uploads\/2024\/11\/Salernes_-_Rue_1-639x1024-1-187x300.jpg 187w, https:\/\/www.auxvallons.fr\/wp-content\/uploads\/2024\/11\/Salernes_-_Rue_1-639x1024-1-500x801.jpg 500w\" sizes=\"auto, (max-width: 639px) 100vw, 639px\" \/><\/span><\/figure><\/div>\n<\/div>\n\n\n\n<div class=\"wp-block-column is-layout-flow wp-block-column-is-layout-flow\" style=\"flex-basis:33.62%\" data-block-type=\"core\">\n<div class=\"wp-block-stackable-image stk-block-image stk-block stk-b7a6d0b\" data-block-id=\"b7a6d0b\"><style>.stk-b7a6d0b {box-shadow:15px 25px 58px 0px #00000080 !important;}.stk-b7a6d0b .stk-img-wrapper{width:100% !important;height:480px !important;}.stk-b7a6d0b .stk-img-wrapper img{object-position:28.000000000000004% 55.00000000000001% !important;}<\/style><figure><span class=\"stk-img-wrapper stk-image--shape-stretch\"><img loading=\"lazy\" decoding=\"async\" class=\"stk-img wp-image-3981\" src=\"https:\/\/auxvallons.fr\/wp-content\/uploads\/2025\/02\/salernes-var-map.jpg\" width=\"606\" height=\"964\" alt=\"visite de la ville d'Ambialet pr\u00e8s du camping\" srcset=\"https:\/\/www.auxvallons.fr\/wp-content\/uploads\/2025\/02\/salernes-var-map.jpg 606w, https:\/\/www.auxvallons.fr\/wp-content\/uploads\/2025\/02\/salernes-var-map-189x300.jpg 189w, https:\/\/www.auxvallons.fr\/wp-content\/uploads\/2025\/02\/salernes-var-map-500x795.jpg 500w\" sizes=\"auto, (max-width: 606px) 100vw, 606px\" \/><\/span><\/figure><\/div>\n<\/div>\n<\/div>\n\n\n\n<div class=\"wp-block-stackable-button-group stk-block-button-group stk-block stk-54544f8\" data-block-id=\"54544f8\" data-block-type=\"core\" data-block-type=\"core\"><div class=\"stk-row stk-inner-blocks stk-block-content stk-button-group\">\n<div class=\"wp-block-stackable-button stk-block-button has-text-align-center stk-block stk-7085414\" data-block-id=\"7085414\"><style>.stk-7085414 {min-height:0px !important;margin-top:11px !important;}.stk-7085414 .stk-button{min-height:64px !important;padding-right:28px !important;padding-left:28px !important;background:#e5e6d8 !important;border-top-left-radius:38px !important;border-top-right-radius:38px !important;border-bottom-right-radius:38px !important;border-bottom-left-radius:38px !important;}.stk-7085414 .stk-button .stk--inner-svg svg:last-child{height:32px !important;width:32px !important;}.stk-7085414 .stk-button .stk--inner-svg svg:last-child, .stk-7085414 .stk-button .stk--inner-svg svg:last-child :is(g, path, rect, polygon, ellipse){fill:#535446 !important;}.stk-7085414 .stk-button__inner-text{color:#535446 !important;text-transform:uppercase !important;font-family:\"Crete Round\", Sans-serif !important;}<\/style><a class=\"stk-link stk-button stk--hover-effect-lift\" href=\"\/activites-en-verdon\/\"><span class=\"has-text-color stk-button__inner-text\">RETOUR AUX VILLAGES de Provence<\/span><span class=\"stk--svg-wrapper\"><div class=\"stk--inner-svg\"><svg xmlns=\"http:\/\/www.w3.org\/2000\/svg\" viewBox=\"0 0 512 512\" aria-hidden=\"true\" width=\"32\" height=\"32\"><path d=\"M512 256A256 256 0 1 0 0 256a256 256 0 1 0 512 0zM217.4 376.9L117.5 269.8c-3.5-3.8-5.5-8.7-5.5-13.8s2-10.1 5.5-13.8l99.9-107.1c4.2-4.5 10.1-7.1 16.3-7.1c12.3 0 22.3 10 22.3 22.3l0 57.7 96 0c17.7 0 32 14.3 32 32l0 32c0 17.7-14.3 32-32 32l-96 0 0 57.7c0 12.3-10 22.3-22.3 22.3c-6.2 0-12.1-2.6-16.3-7.1z\"><\/path><\/svg><\/div><\/span><\/a><\/div>\n<\/div><\/div>\n\n\n\n<div class=\"wp-block-stackable-image aligncenter stk-block-image has-text-align-center stk-block stk-3212770\" data-block-id=\"3212770\"><style>.stk-3212770 {align-items:center !important;max-width:150px !important;min-width:auto !important;margin-top:30px !important;margin-right:auto !important;margin-bottom:30px !important;margin-left:auto !important;display:flex !important;}<\/style><figure><span class=\"stk-img-wrapper stk-image--shape-stretch\"><img loading=\"lazy\" decoding=\"async\" class=\"stk-img wp-image-311\" src=\"https:\/\/auxvallons.fr\/wp-content\/uploads\/2024\/01\/lavender.png\" width=\"200\" height=\"83\"\/><\/span><\/figure><\/div>\n\n\n\n<p data-block-type=\"core\">Exclusivement utilis\u00e9es pour un usage domestique, ces poteries servaient pour stocker, conserver et cuire les aliments, notamment ceux issus de la cueillette. Pour la fabrication, les hommes se servaient de l\u2019argile locale, rouge ferrugineuse et \u00e9lastique. Le tour n\u2019apparut qu\u2019\u00e0 l\u2019\u00e2ge de fer.<\/p>\n\n\n\n<p data-block-type=\"core\">Au moyen \u00e2ge et les si\u00e8cles suivants, l\u2019artisanat de la c\u00e9ramique se perp\u00e9tue sans grande \u00e9volution.<\/p>\n\n\n\n<p data-block-type=\"core\">C\u2019est au d\u00e9but du XIXe si\u00e8cle que l\u2019activit\u00e9 se d\u00e9veloppe s\u00e9rieusement et que Salernes devient le village aux fameuses tomettes que chacun a pu voir sur le sol d\u2019une maison de son enfance!<\/p>\n\n\n\n<p data-block-type=\"core\">Ainsi la tomette s\u2019exporte au d\u00e9but chez les n\u00e9gociants du b\u00e2timent de Toulouse, Marseille et Nice pour devenir omnipr\u00e9sence dans la construction de l\u2019hexagone.<\/p>\n\n\n\n<p data-block-type=\"core\">La petite tomette permettra la reconstruction des maisons ruin\u00e9es pendant la guerre notamment celles de Toulon.<\/p>\n\n\n\n<p data-block-type=\"core\">La c\u00e9ramique \u00e0 partir des ann\u00e9es 1960 n\u2019est plus \u00e0 la mode et le village de Salernes fait sa reconversion \u00e0 partir des ann\u00e9es 1970 avec l\u2019ajout d\u2019\u00e9mail et de d\u00e9cor.<\/p>\n\n\n\n<figure class=\"wp-block-image aligncenter size-full\" data-block-type=\"core\"><img loading=\"lazy\" decoding=\"async\" width=\"800\" height=\"600\" src=\"https:\/\/auxvallons.fr\/wp-content\/uploads\/2024\/11\/SalernesTerra-Rossa.jpg\" alt=\"Terra Rossa \u00e0 Salernes dans le Var\" class=\"wp-image-2998\" srcset=\"https:\/\/www.auxvallons.fr\/wp-content\/uploads\/2024\/11\/SalernesTerra-Rossa.jpg 800w, https:\/\/www.auxvallons.fr\/wp-content\/uploads\/2024\/11\/SalernesTerra-Rossa-300x225.jpg 300w, https:\/\/www.auxvallons.fr\/wp-content\/uploads\/2024\/11\/SalernesTerra-Rossa-768x576.jpg 768w, https:\/\/www.auxvallons.fr\/wp-content\/uploads\/2024\/11\/SalernesTerra-Rossa-500x375.jpg 500w\" sizes=\"auto, (max-width: 800px) 100vw, 800px\" \/><\/figure>\n\n\n\n<p data-block-type=\"core\">Aujourd\u2019hui, des ateliers perp\u00e9tuent la tradition et le savoir-faire de la fabrication notamment avec la cr\u00e9ation de&nbsp;<strong>TERRA ROSSA<\/strong>, la maison de la c\u00e9ramique Architecturale.<\/p>\n\n\n\n<p data-block-type=\"core\"><\/p>\n\n\n\n<h2 class=\"wp-block-heading\">Patrimoine de Salernes<\/h2>\n\n\n\n<p data-block-type=\"core\"><strong>L\u2019\u00e9glise Saint Pierre<\/strong>&nbsp;de Salernes de style roman, d\u2019inspiration cistercienne avec un campanile du XIIe si\u00e8cle<\/p>\n\n\n\n<p data-block-type=\"core\"><strong>La chapelle Saint-Jacques<\/strong>&nbsp;et&nbsp;<strong>le monast\u00e8re Notre-Dame de clart\u00e9.<\/strong><\/p>\n\n\n\n<p data-block-type=\"core\"><strong>Le pont de Gourgaret<\/strong>, du XVIIe si\u00e8cle<\/p>\n\n\n\n<p data-block-type=\"core\"><strong>La fontaine de la place de la R\u00e9volution<\/strong><\/p>\n\n\n\n<figure class=\"wp-block-image aligncenter size-full\" data-block-type=\"core\"><img loading=\"lazy\" decoding=\"async\" width=\"800\" height=\"534\" src=\"https:\/\/auxvallons.fr\/wp-content\/uploads\/2024\/11\/fontaine-place-de-la-Revolution.jpg\" alt=\"Salernes - fontaine sur la place de la r\u00e9volution\" class=\"wp-image-2999\" srcset=\"https:\/\/www.auxvallons.fr\/wp-content\/uploads\/2024\/11\/fontaine-place-de-la-Revolution.jpg 800w, https:\/\/www.auxvallons.fr\/wp-content\/uploads\/2024\/11\/fontaine-place-de-la-Revolution-300x200.jpg 300w, https:\/\/www.auxvallons.fr\/wp-content\/uploads\/2024\/11\/fontaine-place-de-la-Revolution-768x513.jpg 768w, https:\/\/www.auxvallons.fr\/wp-content\/uploads\/2024\/11\/fontaine-place-de-la-Revolution-500x334.jpg 500w\" sizes=\"auto, (max-width: 800px) 100vw, 800px\" \/><\/figure>\n\n\n\n<p data-block-type=\"core\">La&nbsp;<strong>tholos<\/strong>&nbsp;de la&nbsp;<strong>Lauve,&nbsp;<\/strong>&nbsp;une tombe m\u00e9galithique exceptionnelle qui se situe sur le plateau de la Lauve sur la commune de Salernes.<\/p>\n\n\n\n<p data-block-type=\"core\">Tous ces sites sont \u00e0 d\u00e9couvrir pendant votre s\u00e9jour dans&nbsp;<a href=\"https:\/\/www.auxvallons.fr\/\">votre camping<\/a>&nbsp;pr\u00e8s des&nbsp;<a href=\"https:\/\/www.auxvallons.fr\/le-verdon\/\">gorges du Verdon<\/a>&nbsp;o\u00f9 vous pourrez&nbsp; profiter des nombreuses&nbsp;<a href=\"https:\/\/www.auxvallons.fr\/activites-en-verdon\/\">visites culturelles<\/a>&nbsp;\u00e0 faire dans le Var et les alpes de Hautes Provence.<\/p>\n\n\n\n<div class=\"wp-block-stackable-button-group stk-block-button-group stk-block stk-eaxl7rv\" data-block-id=\"eaxl7rv\" data-block-type=\"core\" data-block-type=\"core\"><div class=\"stk-row stk-inner-blocks stk-block-content stk-button-group\">\n<div class=\"wp-block-stackable-button stk-block-button has-text-align-center stk-block stk-nsojkqa\" data-block-id=\"nsojkqa\"><style>.stk-nsojkqa {min-height:0px !important;margin-top:11px !important;}.stk-nsojkqa .stk-button{min-height:64px !important;padding-right:28px !important;padding-left:28px !important;background:#e5e6d8 !important;border-top-left-radius:38px !important;border-top-right-radius:38px !important;border-bottom-right-radius:38px !important;border-bottom-left-radius:38px !important;}.stk-nsojkqa .stk-button .stk--inner-svg svg:last-child{height:32px !important;width:32px !important;}.stk-nsojkqa .stk-button .stk--inner-svg svg:last-child, .stk-nsojkqa .stk-button .stk--inner-svg svg:last-child :is(g, path, rect, polygon, ellipse){fill:#535446 !important;}.stk-nsojkqa .stk-button__inner-text{color:#535446 !important;text-transform:uppercase !important;font-family:\"Crete Round\", Sans-serif !important;}<\/style><a class=\"stk-link stk-button stk--hover-effect-lift\" href=\"\/activites-en-verdon\/\"><span class=\"has-text-color stk-button__inner-text\">RETOUR AUX VILLAGES de Provence<\/span><span class=\"stk--svg-wrapper\"><div class=\"stk--inner-svg\"><svg xmlns=\"http:\/\/www.w3.org\/2000\/svg\" viewBox=\"0 0 512 512\" aria-hidden=\"true\" width=\"32\" height=\"32\"><path d=\"M512 256A256 256 0 1 0 0 256a256 256 0 1 0 512 0zM217.4 376.9L117.5 269.8c-3.5-3.8-5.5-8.7-5.5-13.8s2-10.1 5.5-13.8l99.9-107.1c4.2-4.5 10.1-7.1 16.3-7.1c12.3 0 22.3 10 22.3 22.3l0 57.7 96 0c17.7 0 32 14.3 32 32l0 32c0 17.7-14.3 32-32 32l-96 0 0 57.7c0 12.3-10 22.3-22.3 22.3c-6.2 0-12.1-2.6-16.3-7.1z\"><\/path><\/svg><\/div><\/span><\/a><\/div>\n<\/div><\/div>\n\n\n\n<p style=\"font-size:11px\" data-block-type=\"core\">Cr\u00e9dit photos : <br><a href=\"https:\/\/upload.wikimedia.org\/wikipedia\/commons\/a\/a8\/Salernes_Terra_Rossa_entr%C3%A9e.JPGJPS68 [CC BY-SA 4.0 (https:\/\/creativecommons.org\/licenses\/by-sa\/4.0)]\">Terra Rossa : https:\/\/upload.wikimedia.org\/wikipedia\/commons\/a\/a8\/Salernes_Terra_Rossa_entr%C3%A9e.JPG<br>JPS68 [CC BY-SA 4.0 (https:\/\/creativecommons.org\/licenses\/by-sa\/4.0)]<\/a><br>Fontaine :<a href=\"https:\/\/upload.wikimedia.org\/wikipedia\/commons\/e\/e2\/Salernes_fontaine_place_de_la_R%C3%A9volution.jpgPierre Bona [CC BY-SA 3.0 (https:\/\/creativecommons.org\/licenses\/by-sa\/3.0)]\">https:\/\/upload.wikimedia.org\/wikipedia\/commons\/e\/e2\/Salernes_fontaine_place_de_la_R%C3%A9volution.jpg<br>Pierre Bona [CC BY-SA 3.0 (https:\/\/creativecommons.org\/licenses\/by-sa\/3.0)]<\/a><br><\/p>\n","protected":false},"excerpt":{"rendered":"<p>Un authentique village du Var Salernes, le village aux tomettes \u00c0 25 kms du&nbsp;camping&nbsp;\u00ab&nbsp;aux vallons&nbsp;\u00bb \u00e0&nbsp;Bauduen, le village de Salernes vous attend pour une agr\u00e9able visite. Ce petit bourg, village d\u2019artisans a su garder tout au long de son histoire, le savoir-faire de l\u2019industrie de la c\u00e9ramique. En effet les hommes du n\u00e9olithique ont laiss\u00e9 [&hellip;]<\/p>\n","protected":false},"author":1,"featured_media":2986,"parent":0,"menu_order":0,"comment_status":"closed","ping_status":"closed","template":"","meta":{"_acf_changed":false,"_seopress_robots_primary_cat":"","_seopress_titles_title":"Salernes, village du Var - Verdon","_seopress_titles_desc":"Venez d\u00e9couvrir Salernes, le village authentique aux \"tomettes\" qui d\u00e9sormais offre un mus\u00e9e TERRA ROSSA, exposition de c\u00e9ramique architecturale","_seopress_robots_index":"","_vp_format_video_url":"","_vp_image_focal_point":[],"footnotes":""},"class_list":["post-2992","page","type-page","status-publish","has-post-thumbnail","hentry"],"acf":[],"_links":{"self":[{"href":"https:\/\/www.auxvallons.fr\/en\/wp-json\/wp\/v2\/pages\/2992","targetHints":{"allow":["GET"]}}],"collection":[{"href":"https:\/\/www.auxvallons.fr\/en\/wp-json\/wp\/v2\/pages"}],"about":[{"href":"https:\/\/www.auxvallons.fr\/en\/wp-json\/wp\/v2\/types\/page"}],"author":[{"embeddable":true,"href":"https:\/\/www.auxvallons.fr\/en\/wp-json\/wp\/v2\/users\/1"}],"replies":[{"embeddable":true,"href":"https:\/\/www.auxvallons.fr\/en\/wp-json\/wp\/v2\/comments?post=2992"}],"version-history":[{"count":0,"href":"https:\/\/www.auxvallons.fr\/en\/wp-json\/wp\/v2\/pages\/2992\/revisions"}],"wp:featuredmedia":[{"embeddable":true,"href":"https:\/\/www.auxvallons.fr\/en\/wp-json\/wp\/v2\/media\/2986"}],"wp:attachment":[{"href":"https:\/\/www.auxvallons.fr\/en\/wp-json\/wp\/v2\/media?parent=2992"}],"curies":[{"name":"wp","href":"https:\/\/api.w.org\/{rel}","templated":true}]}}